{"id":22287,"date":"2022-11-02T12:55:34","date_gmt":"2022-11-02T12:55:35","guid":{"rendered":"https:\/\/www.agronetbrewing.com\/?post_type=product&#038;p=22287"},"modified":"2022-11-02T13:01:39","modified_gmt":"2022-11-02T13:01:39","slug":"moutere_fr","status":"publish","type":"product","link":"https:\/\/www.agronetbrewing.com\/fr\/productos\/houblons\/hop-revolution-fra\/moutere_fr\/","title":{"rendered":"MOUTERE\u2122"},"content":{"rendered":"","protected":false},"excerpt":{"rendered":"<p>Sorti en 2015 et de plus en plus populaire, le houblon moutere \u00e0 volume limit\u00e9 a un profil d&rsquo;huile essentielle affichant des caract\u00e9ristiques d&rsquo;ar\u00f4mes intenses de fruits, de pin et de pamplemousse. Son niveau \u00e9lev\u00e9 d&rsquo;acide alpha fournit cependant un houblon doux bien structur\u00e9 mais avec une amertume solide.<\/p>\n","protected":false},"featured_media":22274,"template":"","meta":[],"pwb-brand":[1028],"product_brand":[],"product_cat":[1030],"product_tag":[],"class_list":{"0":"post-22287","1":"product","2":"type-product","3":"status-publish","4":"has-post-thumbnail","6":"pwb-brand-hop_revolution-2","7":"product_cat-hop-revolution-fra","9":"first","10":"instock","11":"taxable","12":"shipping-taxable","13":"product-type-simple","14":"customify-col"},"brands":[{"id":1028,"name":"HOP REVOLUTION","slug":"hop_revolution-2"}],"_links":{"self":[{"href":"https:\/\/www.agronetbrewing.com\/fr\/wp-json\/wp\/v2\/product\/22287","targetHints":{"allow":["GET"]}}],"collection":[{"href":"https:\/\/www.agronetbrewing.com\/fr\/wp-json\/wp\/v2\/product"}],"about":[{"href":"https:\/\/www.agronetbrewing.com\/fr\/wp-json\/wp\/v2\/types\/product"}],"version-history":[{"count":1,"href":"https:\/\/www.agronetbrewing.com\/fr\/wp-json\/wp\/v2\/product\/22287\/revisions"}],"predecessor-version":[{"id":22289,"href":"https:\/\/www.agronetbrewing.com\/fr\/wp-json\/wp\/v2\/product\/22287\/revisions\/22289"}],"wp:featuredmedia":[{"embeddable":true,"href":"https:\/\/www.agronetbrewing.com\/fr\/wp-json\/wp\/v2\/media\/22274"}],"wp:attachment":[{"href":"https:\/\/www.agronetbrewing.com\/fr\/wp-json\/wp\/v2\/media?parent=22287"}],"wp:term":[{"taxonomy":"pwb-brand","embeddable":true,"href":"https:\/\/www.agronetbrewing.com\/fr\/wp-json\/wp\/v2\/pwb-brand?post=22287"},{"taxonomy":"product_brand","embeddable":true,"href":"https:\/\/www.agronetbrewing.com\/fr\/wp-json\/wp\/v2\/product_brand?post=22287"},{"taxonomy":"product_cat","embeddable":true,"href":"https:\/\/www.agronetbrewing.com\/fr\/wp-json\/wp\/v2\/product_cat?post=22287"},{"taxonomy":"product_tag","embeddable":true,"href":"https:\/\/www.agronetbrewing.com\/fr\/wp-json\/wp\/v2\/product_tag?post=22287"}],"curies":[{"name":"wp","href":"https:\/\/api.w.org\/{rel}","templated":true}]}}