{"id":22292,"date":"2022-11-02T13:10:10","date_gmt":"2022-11-02T13:10:10","guid":{"rendered":"https:\/\/www.agronetbrewing.com\/?post_type=product&#038;p=22292"},"modified":"2022-11-02T13:14:49","modified_gmt":"2022-11-02T13:14:49","slug":"kohatu_fr","status":"publish","type":"product","link":"https:\/\/www.agronetbrewing.com\/fr\/productos\/houblons\/hop-revolution-fra\/kohatu_fr\/","title":{"rendered":"KOHATU\u2122"},"content":{"rendered":"","protected":false},"excerpt":{"rendered":"<p>Le houblon Kohatu montre une grande partie de sa noble ascendance aromatique avec des notes d&rsquo;\u00e9corce d&rsquo;orange et des notes florales montantes, bien que ce soient les caract\u00e8res de fruits tropicaux de l&rsquo;ananas et de la mangue, ainsi que les fruits d&rsquo;\u00e9t\u00e9 comme la p\u00eache, qui soient les plus \u00e9vidents dans ce houblon. . Kohatu est \u00e9galement connu pour la qualit\u00e9 de l&rsquo;amertume qu&rsquo;il produit lorsqu&rsquo;il est utilis\u00e9 dans les premiers ajouts \u00e0 la bouilloire.<\/p>\n","protected":false},"featured_media":22274,"template":"","meta":[],"pwb-brand":[1028],"product_brand":[],"product_cat":[1030],"product_tag":[],"class_list":{"0":"post-22292","1":"product","2":"type-product","3":"status-publish","4":"has-post-thumbnail","6":"pwb-brand-hop_revolution-2","7":"product_cat-hop-revolution-fra","9":"first","10":"instock","11":"taxable","12":"shipping-taxable","13":"product-type-simple","14":"customify-col"},"brands":[{"id":1028,"name":"HOP REVOLUTION","slug":"hop_revolution-2"}],"_links":{"self":[{"href":"https:\/\/www.agronetbrewing.com\/fr\/wp-json\/wp\/v2\/product\/22292","targetHints":{"allow":["GET"]}}],"collection":[{"href":"https:\/\/www.agronetbrewing.com\/fr\/wp-json\/wp\/v2\/product"}],"about":[{"href":"https:\/\/www.agronetbrewing.com\/fr\/wp-json\/wp\/v2\/types\/product"}],"version-history":[{"count":1,"href":"https:\/\/www.agronetbrewing.com\/fr\/wp-json\/wp\/v2\/product\/22292\/revisions"}],"predecessor-version":[{"id":22294,"href":"https:\/\/www.agronetbrewing.com\/fr\/wp-json\/wp\/v2\/product\/22292\/revisions\/22294"}],"wp:featuredmedia":[{"embeddable":true,"href":"https:\/\/www.agronetbrewing.com\/fr\/wp-json\/wp\/v2\/media\/22274"}],"wp:attachment":[{"href":"https:\/\/www.agronetbrewing.com\/fr\/wp-json\/wp\/v2\/media?parent=22292"}],"wp:term":[{"taxonomy":"pwb-brand","embeddable":true,"href":"https:\/\/www.agronetbrewing.com\/fr\/wp-json\/wp\/v2\/pwb-brand?post=22292"},{"taxonomy":"product_brand","embeddable":true,"href":"https:\/\/www.agronetbrewing.com\/fr\/wp-json\/wp\/v2\/product_brand?post=22292"},{"taxonomy":"product_cat","embeddable":true,"href":"https:\/\/www.agronetbrewing.com\/fr\/wp-json\/wp\/v2\/product_cat?post=22292"},{"taxonomy":"product_tag","embeddable":true,"href":"https:\/\/www.agronetbrewing.com\/fr\/wp-json\/wp\/v2\/product_tag?post=22292"}],"curies":[{"name":"wp","href":"https:\/\/api.w.org\/{rel}","templated":true}]}}