{"id":22297,"date":"2022-11-02T13:15:23","date_gmt":"2022-11-02T13:15:23","guid":{"rendered":"https:\/\/www.agronetbrewing.com\/?post_type=product&#038;p=22297"},"modified":"2022-11-02T13:17:53","modified_gmt":"2022-11-02T13:17:53","slug":"rakau_fr","status":"publish","type":"product","link":"https:\/\/www.agronetbrewing.com\/fr\/productos\/houblons\/hop-revolution-fra\/rakau_fr\/","title":{"rendered":"RAKAU\u2122"},"content":{"rendered":"","protected":false},"excerpt":{"rendered":"<p>D\u00e9velopp\u00e9 \u00e0 l&rsquo;origine et d\u00e9crit comme un houblon \u00e0 double usage, ce sont les caract\u00e9ristiques aromatiques uniques des fruits \u00e0 noyau, en particulier les abricots frais, qui distinguent ce houblon. Les houblons Rakau complexes et intenses peuvent \u00eatre ajust\u00e9s pour s&rsquo;adapter \u00e0 de nombreux styles de bi\u00e8re diff\u00e9rents et sont bien adapt\u00e9s \u00e0 toutes les applications pour les bi\u00e8res \u00e0 houblon unique.<\/p>\n","protected":false},"featured_media":22280,"template":"","meta":[],"pwb-brand":[1028],"product_brand":[],"product_cat":[1030],"product_tag":[],"class_list":{"0":"post-22297","1":"product","2":"type-product","3":"status-publish","4":"has-post-thumbnail","6":"pwb-brand-hop_revolution-2","7":"product_cat-hop-revolution-fra","9":"first","10":"instock","11":"taxable","12":"shipping-taxable","13":"product-type-simple","14":"customify-col"},"brands":[{"id":1028,"name":"HOP REVOLUTION","slug":"hop_revolution-2"}],"_links":{"self":[{"href":"https:\/\/www.agronetbrewing.com\/fr\/wp-json\/wp\/v2\/product\/22297","targetHints":{"allow":["GET"]}}],"collection":[{"href":"https:\/\/www.agronetbrewing.com\/fr\/wp-json\/wp\/v2\/product"}],"about":[{"href":"https:\/\/www.agronetbrewing.com\/fr\/wp-json\/wp\/v2\/types\/product"}],"version-history":[{"count":1,"href":"https:\/\/www.agronetbrewing.com\/fr\/wp-json\/wp\/v2\/product\/22297\/revisions"}],"predecessor-version":[{"id":22299,"href":"https:\/\/www.agronetbrewing.com\/fr\/wp-json\/wp\/v2\/product\/22297\/revisions\/22299"}],"wp:featuredmedia":[{"embeddable":true,"href":"https:\/\/www.agronetbrewing.com\/fr\/wp-json\/wp\/v2\/media\/22280"}],"wp:attachment":[{"href":"https:\/\/www.agronetbrewing.com\/fr\/wp-json\/wp\/v2\/media?parent=22297"}],"wp:term":[{"taxonomy":"pwb-brand","embeddable":true,"href":"https:\/\/www.agronetbrewing.com\/fr\/wp-json\/wp\/v2\/pwb-brand?post=22297"},{"taxonomy":"product_brand","embeddable":true,"href":"https:\/\/www.agronetbrewing.com\/fr\/wp-json\/wp\/v2\/product_brand?post=22297"},{"taxonomy":"product_cat","embeddable":true,"href":"https:\/\/www.agronetbrewing.com\/fr\/wp-json\/wp\/v2\/product_cat?post=22297"},{"taxonomy":"product_tag","embeddable":true,"href":"https:\/\/www.agronetbrewing.com\/fr\/wp-json\/wp\/v2\/product_tag?post=22297"}],"curies":[{"name":"wp","href":"https:\/\/api.w.org\/{rel}","templated":true}]}}