{"id":22302,"date":"2022-11-02T13:18:20","date_gmt":"2022-11-02T13:18:20","guid":{"rendered":"https:\/\/www.agronetbrewing.com\/?post_type=product&#038;p=22302"},"modified":"2022-11-02T13:22:49","modified_gmt":"2022-11-02T13:22:49","slug":"wai-iti_fr","status":"publish","type":"product","link":"https:\/\/www.agronetbrewing.com\/fr\/productos\/houblons\/hop-revolution-fra\/wai-iti_fr\/","title":{"rendered":"WAI-ITI\u2122"},"content":{"rendered":"","protected":false},"excerpt":{"rendered":"<p>Un vrai houblon aromatique avec des notes d&rsquo;agrumes citron vert recouvertes d&rsquo;ar\u00f4mes de p\u00eache et d&rsquo;abricot fra\u00eechement cueillis. Une vari\u00e9t\u00e9 \u00e0 faible alpha qui fonctionne bien seule mais qui est \u00e9galement adapt\u00e9e pour bien fonctionner avec d&rsquo;autres vari\u00e9t\u00e9s de houblon pour produire des styles plus gros et d\u00e9licats.<\/p>\n","protected":false},"featured_media":22278,"template":"","meta":[],"pwb-brand":[1028],"product_brand":[],"product_cat":[1030],"product_tag":[],"class_list":{"0":"post-22302","1":"product","2":"type-product","3":"status-publish","4":"has-post-thumbnail","6":"pwb-brand-hop_revolution-2","7":"product_cat-hop-revolution-fra","9":"first","10":"instock","11":"taxable","12":"shipping-taxable","13":"product-type-simple","14":"customify-col"},"brands":[{"id":1028,"name":"HOP REVOLUTION","slug":"hop_revolution-2"}],"_links":{"self":[{"href":"https:\/\/www.agronetbrewing.com\/fr\/wp-json\/wp\/v2\/product\/22302","targetHints":{"allow":["GET"]}}],"collection":[{"href":"https:\/\/www.agronetbrewing.com\/fr\/wp-json\/wp\/v2\/product"}],"about":[{"href":"https:\/\/www.agronetbrewing.com\/fr\/wp-json\/wp\/v2\/types\/product"}],"version-history":[{"count":1,"href":"https:\/\/www.agronetbrewing.com\/fr\/wp-json\/wp\/v2\/product\/22302\/revisions"}],"predecessor-version":[{"id":22306,"href":"https:\/\/www.agronetbrewing.com\/fr\/wp-json\/wp\/v2\/product\/22302\/revisions\/22306"}],"wp:featuredmedia":[{"embeddable":true,"href":"https:\/\/www.agronetbrewing.com\/fr\/wp-json\/wp\/v2\/media\/22278"}],"wp:attachment":[{"href":"https:\/\/www.agronetbrewing.com\/fr\/wp-json\/wp\/v2\/media?parent=22302"}],"wp:term":[{"taxonomy":"pwb-brand","embeddable":true,"href":"https:\/\/www.agronetbrewing.com\/fr\/wp-json\/wp\/v2\/pwb-brand?post=22302"},{"taxonomy":"product_brand","embeddable":true,"href":"https:\/\/www.agronetbrewing.com\/fr\/wp-json\/wp\/v2\/product_brand?post=22302"},{"taxonomy":"product_cat","embeddable":true,"href":"https:\/\/www.agronetbrewing.com\/fr\/wp-json\/wp\/v2\/product_cat?post=22302"},{"taxonomy":"product_tag","embeddable":true,"href":"https:\/\/www.agronetbrewing.com\/fr\/wp-json\/wp\/v2\/product_tag?post=22302"}],"curies":[{"name":"wp","href":"https:\/\/api.w.org\/{rel}","templated":true}]}}