{"id":22424,"date":"2023-04-11T10:54:04","date_gmt":"2023-04-11T10:54:11","guid":{"rendered":"https:\/\/www.agronetbrewing.com\/?post_type=product&#038;p=22424"},"modified":"2023-04-11T11:07:36","modified_gmt":"2023-04-11T11:07:36","slug":"malta-jehanne-darc-pilsen-les-maltiers_fr","status":"publish","type":"product","link":"https:\/\/www.agronetbrewing.com\/fr\/productos\/malts\/les-maltiers-fr\/malta-jehanne-darc-pilsen-les-maltiers_fr\/","title":{"rendered":"Malt Jehanne D\u2019Arc Pilsen Les Maltiers"},"content":{"rendered":"","protected":false},"excerpt":{"rendered":"<p>Le malt Jehanne d\u2019arc est fabriqu\u00e9 \u00e0 partir d\u2019une orge s\u00e9lectionn\u00e9e et trac\u00e9e depuis l\u2019agriculteur jusqu\u2019au microbrasseur.<\/p>\n<p>Issue des meilleurs r\u00e9gions productrices d\u2019orge de printemps brassicole. Le malt Jehanne d\u2019arc vous offre un produit de qualit\u00e9, homog\u00e8ne toute l\u2019ann\u00e9e, local et 100% de tra\u00e7abilit\u00e9.<\/p>\n","protected":false},"featured_media":21007,"template":"","meta":[],"pwb-brand":[1036],"product_brand":[],"product_cat":[1035],"product_tag":[],"class_list":{"0":"post-22424","1":"product","2":"type-product","3":"status-publish","4":"has-post-thumbnail","6":"pwb-brand-les-maltiers","7":"product_cat-les-maltiers-fr","9":"first","10":"instock","11":"taxable","12":"shipping-taxable","13":"product-type-variable","14":"customify-col"},"brands":[{"id":1036,"name":"LES MALTIERS","slug":"les-maltiers"}],"_links":{"self":[{"href":"https:\/\/www.agronetbrewing.com\/fr\/wp-json\/wp\/v2\/product\/22424","targetHints":{"allow":["GET"]}}],"collection":[{"href":"https:\/\/www.agronetbrewing.com\/fr\/wp-json\/wp\/v2\/product"}],"about":[{"href":"https:\/\/www.agronetbrewing.com\/fr\/wp-json\/wp\/v2\/types\/product"}],"version-history":[{"count":1,"href":"https:\/\/www.agronetbrewing.com\/fr\/wp-json\/wp\/v2\/product\/22424\/revisions"}],"predecessor-version":[{"id":22441,"href":"https:\/\/www.agronetbrewing.com\/fr\/wp-json\/wp\/v2\/product\/22424\/revisions\/22441"}],"wp:featuredmedia":[{"embeddable":true,"href":"https:\/\/www.agronetbrewing.com\/fr\/wp-json\/wp\/v2\/media\/21007"}],"wp:attachment":[{"href":"https:\/\/www.agronetbrewing.com\/fr\/wp-json\/wp\/v2\/media?parent=22424"}],"wp:term":[{"taxonomy":"pwb-brand","embeddable":true,"href":"https:\/\/www.agronetbrewing.com\/fr\/wp-json\/wp\/v2\/pwb-brand?post=22424"},{"taxonomy":"product_brand","embeddable":true,"href":"https:\/\/www.agronetbrewing.com\/fr\/wp-json\/wp\/v2\/product_brand?post=22424"},{"taxonomy":"product_cat","embeddable":true,"href":"https:\/\/www.agronetbrewing.com\/fr\/wp-json\/wp\/v2\/product_cat?post=22424"},{"taxonomy":"product_tag","embeddable":true,"href":"https:\/\/www.agronetbrewing.com\/fr\/wp-json\/wp\/v2\/product_tag?post=22424"}],"curies":[{"name":"wp","href":"https:\/\/api.w.org\/{rel}","templated":true}]}}