{"id":22454,"date":"2023-04-11T11:58:16","date_gmt":"2023-04-11T11:58:17","guid":{"rendered":"https:\/\/www.agronetbrewing.com\/?post_type=product&#038;p=22454"},"modified":"2023-04-11T12:10:35","modified_gmt":"2023-04-11T12:10:35","slug":"malta-malt-de-ble-maltiers-fr","status":"publish","type":"product","link":"https:\/\/www.agronetbrewing.com\/fr\/productos\/malts\/les-maltiers-fr\/malta-malt-de-ble-maltiers-fr\/","title":{"rendered":"Malt de Bl\u00e9"},"content":{"rendered":"","protected":false},"excerpt":{"rendered":"<p>Ce type de malt est utilis\u00e9 traditionnellement dans la fabrication des bi\u00e8res blanches ou pour am\u00e9liorer la qualit\u00e9 de la mousse des diff\u00e9rentes bi\u00e8res.<\/p>\n","protected":false},"featured_media":21007,"template":"","meta":[],"pwb-brand":[1036],"product_brand":[],"product_cat":[1035],"product_tag":[],"class_list":{"0":"post-22454","1":"product","2":"type-product","3":"status-publish","4":"has-post-thumbnail","6":"pwb-brand-les-maltiers","7":"product_cat-les-maltiers-fr","9":"first","10":"instock","11":"taxable","12":"shipping-taxable","13":"product-type-variable","14":"customify-col"},"brands":[{"id":1036,"name":"LES MALTIERS","slug":"les-maltiers"}],"_links":{"self":[{"href":"https:\/\/www.agronetbrewing.com\/fr\/wp-json\/wp\/v2\/product\/22454","targetHints":{"allow":["GET"]}}],"collection":[{"href":"https:\/\/www.agronetbrewing.com\/fr\/wp-json\/wp\/v2\/product"}],"about":[{"href":"https:\/\/www.agronetbrewing.com\/fr\/wp-json\/wp\/v2\/types\/product"}],"version-history":[{"count":1,"href":"https:\/\/www.agronetbrewing.com\/fr\/wp-json\/wp\/v2\/product\/22454\/revisions"}],"predecessor-version":[{"id":22465,"href":"https:\/\/www.agronetbrewing.com\/fr\/wp-json\/wp\/v2\/product\/22454\/revisions\/22465"}],"wp:featuredmedia":[{"embeddable":true,"href":"https:\/\/www.agronetbrewing.com\/fr\/wp-json\/wp\/v2\/media\/21007"}],"wp:attachment":[{"href":"https:\/\/www.agronetbrewing.com\/fr\/wp-json\/wp\/v2\/media?parent=22454"}],"wp:term":[{"taxonomy":"pwb-brand","embeddable":true,"href":"https:\/\/www.agronetbrewing.com\/fr\/wp-json\/wp\/v2\/pwb-brand?post=22454"},{"taxonomy":"product_brand","embeddable":true,"href":"https:\/\/www.agronetbrewing.com\/fr\/wp-json\/wp\/v2\/product_brand?post=22454"},{"taxonomy":"product_cat","embeddable":true,"href":"https:\/\/www.agronetbrewing.com\/fr\/wp-json\/wp\/v2\/product_cat?post=22454"},{"taxonomy":"product_tag","embeddable":true,"href":"https:\/\/www.agronetbrewing.com\/fr\/wp-json\/wp\/v2\/product_tag?post=22454"}],"curies":[{"name":"wp","href":"https:\/\/api.w.org\/{rel}","templated":true}]}}