{"id":22605,"date":"2023-05-02T08:43:08","date_gmt":"2023-05-02T08:43:09","guid":{"rendered":"https:\/\/www.agronetbrewing.com\/?post_type=product&#038;p=22605"},"modified":"2025-02-13T09:34:45","modified_gmt":"2025-02-13T08:34:45","slug":"lalbrew-bry-97-american-west-coast-ale-copia","status":"publish","type":"product","link":"https:\/\/www.agronetbrewing.com\/fr\/productos\/levure-et-bacteries\/lallemand-fr\/premium-series-fr\/lalbrew-bry-97-american-west-coast-ale-copia\/","title":{"rendered":"LalBrew LONA\u2122 Low Alcohol Hybrid Ale Yeast"},"content":{"rendered":"","protected":false},"excerpt":{"rendered":"<p>LalBrew\u00ae LoNa\u2122 est une souche hybride n\u00e9gative au maltose qui a \u00e9t\u00e9 s\u00e9lectionn\u00e9e en raison de ses caract\u00e9ristiques id\u00e9ales pour la production de bi\u00e8res \u00e0 faible teneur en alcool et sans alcool. Des m\u00e9thodes d&rsquo;hybridation classiques et non OGM avanc\u00e9es ont \u00e9t\u00e9 utilis\u00e9es pour s\u00e9lectionner une souche qui ne consomme ni maltose ni maltotriose, ce qui se traduit par une tr\u00e8s faible att\u00e9nuation.<\/p>\n<p>LalBrew\u00ae LoNa\u2122 est la premi\u00e8re souche de Saccharomyces cerevisiae n\u00e9gative au maltose s\u00e9lectionn\u00e9e sp\u00e9cifiquement pour \u00eatre utilis\u00e9e dans la bi\u00e8re. Parce qu&rsquo;il s&rsquo;agit d&rsquo;une souche S. cerevisiae, LalBrew\u00ae LoNa\u2122 fermente comme une levure Ale en produisant un profil organoleptique propre et neutre, sans ar\u00f4mes ph\u00e9noliques et en r\u00e9duisant significativement les ald\u00e9hydes responsables du go\u00fbt de moisi. En outre, une technologie brevet\u00e9e par l&rsquo;Universit\u00e9 de Californie Davis (\u00c9tats-Unis) garantit que la souche ne produit pas d&rsquo;ar\u00f4mes de soufre d\u00e9sagr\u00e9ables, ce qui permet aux ar\u00f4mes de malt et de houblon de briller.<\/p>\n<p>La pasteurisation est n\u00e9cessaire lors du brassage avec LalBrew\u00ae LoNa\u2122 pour \u00e9viter la refermentation apr\u00e8s l&#8217;emballage et assurer la stabilit\u00e9 de la bi\u00e8re.<\/p>\n","protected":false},"featured_media":5246,"template":"","meta":[],"pwb-brand":[1011],"product_brand":[],"product_cat":[189],"product_tag":[],"class_list":{"0":"post-22605","1":"product","2":"type-product","3":"status-publish","4":"has-post-thumbnail","6":"pwb-brand-lallemand_brewing","7":"product_cat-premium-series-fr","9":"first","10":"instock","11":"taxable","12":"shipping-taxable","13":"product-type-variable","14":"customify-col","15":"product-has-gallery"},"brands":[{"id":1011,"name":"LALLEMAND BREWING","slug":"lallemand_brewing"}],"_links":{"self":[{"href":"https:\/\/www.agronetbrewing.com\/fr\/wp-json\/wp\/v2\/product\/22605","targetHints":{"allow":["GET"]}}],"collection":[{"href":"https:\/\/www.agronetbrewing.com\/fr\/wp-json\/wp\/v2\/product"}],"about":[{"href":"https:\/\/www.agronetbrewing.com\/fr\/wp-json\/wp\/v2\/types\/product"}],"version-history":[{"count":2,"href":"https:\/\/www.agronetbrewing.com\/fr\/wp-json\/wp\/v2\/product\/22605\/revisions"}],"predecessor-version":[{"id":24155,"href":"https:\/\/www.agronetbrewing.com\/fr\/wp-json\/wp\/v2\/product\/22605\/revisions\/24155"}],"wp:featuredmedia":[{"embeddable":true,"href":"https:\/\/www.agronetbrewing.com\/fr\/wp-json\/wp\/v2\/media\/5246"}],"wp:attachment":[{"href":"https:\/\/www.agronetbrewing.com\/fr\/wp-json\/wp\/v2\/media?parent=22605"}],"wp:term":[{"taxonomy":"pwb-brand","embeddable":true,"href":"https:\/\/www.agronetbrewing.com\/fr\/wp-json\/wp\/v2\/pwb-brand?post=22605"},{"taxonomy":"product_brand","embeddable":true,"href":"https:\/\/www.agronetbrewing.com\/fr\/wp-json\/wp\/v2\/product_brand?post=22605"},{"taxonomy":"product_cat","embeddable":true,"href":"https:\/\/www.agronetbrewing.com\/fr\/wp-json\/wp\/v2\/product_cat?post=22605"},{"taxonomy":"product_tag","embeddable":true,"href":"https:\/\/www.agronetbrewing.com\/fr\/wp-json\/wp\/v2\/product_tag?post=22605"}],"curies":[{"name":"wp","href":"https:\/\/api.w.org\/{rel}","templated":true}]}}