{"id":22671,"date":"2023-06-20T13:17:31","date_gmt":"2023-06-20T13:17:31","guid":{"rendered":"https:\/\/www.agronetbrewing.com\/?post_type=product&#038;p=22671"},"modified":"2023-06-22T10:42:58","modified_gmt":"2023-06-22T10:42:58","slug":"incognito","status":"publish","type":"product","link":"https:\/\/www.agronetbrewing.com\/fr\/productos\/malts\/incognito\/","title":{"rendered":"INCOGNITO\u00ae"},"content":{"rendered":"","protected":false},"excerpt":{"rendered":"<p>Fid\u00e8le \u00e0 son profil et facile \u00e0 doser sans \u00e9quipement sp\u00e9cial, INCOGNITO\u00ae est con\u00e7u pour maximiser l&rsquo;efficacit\u00e9 de l&rsquo;ar\u00f4me. Il est fluide \u00e0 temp\u00e9rature ambiante et garantit une saveur de houblon maximale avec une perte de processus minimale, tout en r\u00e9duisant les co\u00fbts de stockage et de transport.<\/p>\n<p><strong>Avantages:<\/strong><\/p>\n<ul>\n<li style=\"list-style-type: none;\">\n<ul>\n<li>Z\u00e9ro mati\u00e8re v\u00e9g\u00e9tale: Obtenez tous les acides alpha et les compos\u00e9s aromatiques du houblon sans le mat\u00e9riel v\u00e9g\u00e9tal pour maximiser l&rsquo;efficacit\u00e9 et obtenir un rendement plus \u00e9lev\u00e9.<\/li>\n<\/ul>\n<\/li>\n<\/ul>\n<p>&nbsp;<\/p>\n<ul>\n<li style=\"list-style-type: none;\">\n<ul>\n<li>Des ar\u00f4mes de houblon constants: INCOGNITO Citra, INCOGNITO Mosaic, INCOGNITO Ekuanot, INCOGNITO Sabro et INCOGNITO HBC 472 c.v. offrent les m\u00eames profils de go\u00fbt que les pellets.<\/li>\n<\/ul>\n<\/li>\n<\/ul>\n<p>&nbsp;<\/p>\n<ul>\n<li style=\"list-style-type: none;\">\n<ul>\n<li>Se combine bien avec les pellets et le houblon en fleur: L&rsquo;INCOGNITO est un pur houblon, il se m\u00e9lange donc parfaitement avec les pellets, le houblon en fleur ou d&rsquo;autres vari\u00e9t\u00e9s d&rsquo;INCOGNITO pour obtenir des saveurs merveilleusement complexes.<\/li>\n<\/ul>\n<\/li>\n<\/ul>\n<p>&nbsp;<\/p>\n<ul>\n<li style=\"list-style-type: none;\">\n<ul>\n<li>Fluide \u00e0 temp\u00e9rature ambiante: Aucun pr\u00e9chauffage ni \u00e9quipement sp\u00e9cial n&rsquo;est n\u00e9cessaire. Facile \u00e0 verser et tr\u00e8s soluble dans le mo\u00fbt chaud, ce qui facilite son utilisation.<\/li>\n<\/ul>\n<\/li>\n<\/ul>\n<p>&nbsp;<\/p>\n<ul>\n<li style=\"list-style-type: none;\">\n<ul>\n<li>Co\u00fbts d&rsquo;exp\u00e9dition et de stockage r\u00e9duits: INCOGNITO se pr\u00e9sente en bouteilles de plastique recyclable de 2 kg et 10 kg, ce qui r\u00e9duit les co\u00fbts d&rsquo;exp\u00e9dition et de stockage par rapport aux pellets.<\/li>\n<\/ul>\n<\/li>\n<\/ul>\n<p>&nbsp;<\/p>\n<ul>\n<li style=\"list-style-type: none;\">\n<ul>\n<li>Moins de nettoyage et moins de d\u00e9chets: La fluidit\u00e9 et la solubilit\u00e9 d&rsquo;INCOGNITO font du nettoyage un jeu d&rsquo;enfant, avec moins d&rsquo;effluents d&rsquo;eaux us\u00e9es pour r\u00e9duire la DBO et la DCO.<\/li>\n<\/ul>\n<\/li>\n<\/ul>\n<p>&nbsp;<\/p>\n<p><strong>Varietes:<\/strong><\/p>\n<ul>\n<li>Centennial<\/li>\n<li>Chinook<\/li>\n<li>Citra<sup>\u00ae<\/sup><\/li>\n<li>Ekuanot<sup>\u00ae<\/sup><\/li>\n<li>El Dorado<sup>\u00ae<\/sup><\/li>\n<li>HBC 472 c.v.<\/li>\n<li>Mosaic<sup>\u00ae<\/sup><\/li>\n<li>Sabro<sup>\u00ae<\/sup><\/li>\n<\/ul>\n","protected":false},"featured_media":22668,"template":"","meta":[],"pwb-brand":[],"product_brand":[],"product_cat":[1008],"product_tag":[],"class_list":{"0":"post-22671","1":"product","2":"type-product","3":"status-publish","4":"has-post-thumbnail","6":"product_cat-malts","8":"first","9":"instock","10":"taxable","11":"shipping-taxable","12":"product-type-simple","13":"customify-col"},"brands":[],"_links":{"self":[{"href":"https:\/\/www.agronetbrewing.com\/fr\/wp-json\/wp\/v2\/product\/22671","targetHints":{"allow":["GET"]}}],"collection":[{"href":"https:\/\/www.agronetbrewing.com\/fr\/wp-json\/wp\/v2\/product"}],"about":[{"href":"https:\/\/www.agronetbrewing.com\/fr\/wp-json\/wp\/v2\/types\/product"}],"version-history":[{"count":3,"href":"https:\/\/www.agronetbrewing.com\/fr\/wp-json\/wp\/v2\/product\/22671\/revisions"}],"predecessor-version":[{"id":22699,"href":"https:\/\/www.agronetbrewing.com\/fr\/wp-json\/wp\/v2\/product\/22671\/revisions\/22699"}],"wp:featuredmedia":[{"embeddable":true,"href":"https:\/\/www.agronetbrewing.com\/fr\/wp-json\/wp\/v2\/media\/22668"}],"wp:attachment":[{"href":"https:\/\/www.agronetbrewing.com\/fr\/wp-json\/wp\/v2\/media?parent=22671"}],"wp:term":[{"taxonomy":"pwb-brand","embeddable":true,"href":"https:\/\/www.agronetbrewing.com\/fr\/wp-json\/wp\/v2\/pwb-brand?post=22671"},{"taxonomy":"product_brand","embeddable":true,"href":"https:\/\/www.agronetbrewing.com\/fr\/wp-json\/wp\/v2\/product_brand?post=22671"},{"taxonomy":"product_cat","embeddable":true,"href":"https:\/\/www.agronetbrewing.com\/fr\/wp-json\/wp\/v2\/product_cat?post=22671"},{"taxonomy":"product_tag","embeddable":true,"href":"https:\/\/www.agronetbrewing.com\/fr\/wp-json\/wp\/v2\/product_tag?post=22671"}],"curies":[{"name":"wp","href":"https:\/\/api.w.org\/{rel}","templated":true}]}}