{"id":22830,"date":"2023-09-28T12:03:57","date_gmt":"2023-09-28T12:03:57","guid":{"rendered":"https:\/\/www.agronetbrewing.com\/?post_type=product&#038;p=22830"},"modified":"2023-11-22T11:51:18","modified_gmt":"2023-11-22T11:51:18","slug":"isy-enhance-fr","status":"publish","type":"product","link":"https:\/\/www.agronetbrewing.com\/fr\/productos\/additifs\/autres\/isy-enhance-fr\/","title":{"rendered":"ISY ENHANCE"},"content":{"rendered":"","protected":false},"excerpt":{"rendered":"<p>AB Vickers ISY Enhance\u2122 est un autolysat de levure sp\u00e9cifique inactiv\u00e9 con\u00e7u pour augmenter le corps, la longueur en bouche et la buvabilit\u00e9 de la bi\u00e8re. Le produit r\u00e9sultant est lisse et propre avec une meilleure perception des saveurs. Les applications incluent, mais ne sont pas limit\u00e9es \u00e0 :<\/p>\n<ul>\n<li>R\u00e9duire les ar\u00f4mes \u00e2pres de houblon et \u00e9quilibrer les ar\u00f4mes dans les styles houblonn\u00e9s.<\/li>\n<li>Augmenter le corps et la complexit\u00e9 dans les bi\u00e8res \u00e0 faible teneur en alcool, les bi\u00e8res sans alcool et d\u2019autres bi\u00e8res l\u00e9g\u00e8res.<\/li>\n<li>Augmentation de la sensation en bouche et de la buvabilit\u00e9 dans tous les styles de bi\u00e8res.<\/li>\n<\/ul>\n","protected":false},"featured_media":22854,"template":"","meta":[],"pwb-brand":[1017],"product_brand":[],"product_cat":[1044],"product_tag":[],"class_list":{"0":"post-22830","1":"product","2":"type-product","3":"status-publish","4":"has-post-thumbnail","6":"pwb-brand-abvickers","7":"product_cat-autres","9":"first","10":"instock","11":"taxable","12":"shipping-taxable","13":"product-type-variable","14":"has-default-attributes","15":"customify-col"},"brands":[{"id":1017,"name":"ABVICKERS","slug":"abvickers"}],"_links":{"self":[{"href":"https:\/\/www.agronetbrewing.com\/fr\/wp-json\/wp\/v2\/product\/22830","targetHints":{"allow":["GET"]}}],"collection":[{"href":"https:\/\/www.agronetbrewing.com\/fr\/wp-json\/wp\/v2\/product"}],"about":[{"href":"https:\/\/www.agronetbrewing.com\/fr\/wp-json\/wp\/v2\/types\/product"}],"version-history":[{"count":1,"href":"https:\/\/www.agronetbrewing.com\/fr\/wp-json\/wp\/v2\/product\/22830\/revisions"}],"predecessor-version":[{"id":22856,"href":"https:\/\/www.agronetbrewing.com\/fr\/wp-json\/wp\/v2\/product\/22830\/revisions\/22856"}],"wp:featuredmedia":[{"embeddable":true,"href":"https:\/\/www.agronetbrewing.com\/fr\/wp-json\/wp\/v2\/media\/22854"}],"wp:attachment":[{"href":"https:\/\/www.agronetbrewing.com\/fr\/wp-json\/wp\/v2\/media?parent=22830"}],"wp:term":[{"taxonomy":"pwb-brand","embeddable":true,"href":"https:\/\/www.agronetbrewing.com\/fr\/wp-json\/wp\/v2\/pwb-brand?post=22830"},{"taxonomy":"product_brand","embeddable":true,"href":"https:\/\/www.agronetbrewing.com\/fr\/wp-json\/wp\/v2\/product_brand?post=22830"},{"taxonomy":"product_cat","embeddable":true,"href":"https:\/\/www.agronetbrewing.com\/fr\/wp-json\/wp\/v2\/product_cat?post=22830"},{"taxonomy":"product_tag","embeddable":true,"href":"https:\/\/www.agronetbrewing.com\/fr\/wp-json\/wp\/v2\/product_tag?post=22830"}],"curies":[{"name":"wp","href":"https:\/\/api.w.org\/{rel}","templated":true}]}}