{"id":22866,"date":"2023-11-08T09:38:27","date_gmt":"2023-11-08T09:38:28","guid":{"rendered":"https:\/\/www.agronetbrewing.com\/?post_type=product&#038;p=22866"},"modified":"2023-11-22T11:56:26","modified_gmt":"2023-11-22T11:56:26","slug":"california-ale-yeast-fr","status":"publish","type":"product","link":"https:\/\/www.agronetbrewing.com\/fr\/productos\/levure-et-bacteries\/white-labs-fr\/california-ale-yeast-fr\/","title":{"rendered":"CALIFORNIA ALE YEAST WLP001"},"content":{"rendered":"","protected":false},"excerpt":{"rendered":"<p>Esta levadura es famosa por sus sabores limpios, fermentaciones resistentes y por su uso en cervezas lupuladas. Acent\u00faa los sabores y aromas del l\u00fapulo y los aten\u00faa bien, incluso en cervezas de alta densidad. Una atenuaci\u00f3n superior a la media provoca cervezas m\u00e1s secas as\u00ed como una floculaci\u00f3n media para dejar una cerveza limpia.<\/p>\n<ul>\n<li>Se puede utilizar en casi cualquier estilo de cerveza (desde IPA hasta K\u00f6lsch).<\/li>\n<li>Acent\u00faa maravillosamente los sabores y aromas del l\u00fapulo.<\/li>\n<\/ul>\n","protected":false},"featured_media":22874,"template":"","meta":[],"pwb-brand":[1046],"product_brand":[],"product_cat":[1048],"product_tag":[],"class_list":{"0":"post-22866","1":"product","2":"type-product","3":"status-publish","4":"has-post-thumbnail","6":"pwb-brand-white-labs","7":"product_cat-white-labs-fr","9":"first","10":"instock","11":"taxable","12":"shipping-taxable","13":"product-type-variable","14":"customify-col"},"brands":[{"id":1046,"name":"WHITE LABS","slug":"white-labs"}],"_links":{"self":[{"href":"https:\/\/www.agronetbrewing.com\/fr\/wp-json\/wp\/v2\/product\/22866","targetHints":{"allow":["GET"]}}],"collection":[{"href":"https:\/\/www.agronetbrewing.com\/fr\/wp-json\/wp\/v2\/product"}],"about":[{"href":"https:\/\/www.agronetbrewing.com\/fr\/wp-json\/wp\/v2\/types\/product"}],"version-history":[{"count":2,"href":"https:\/\/www.agronetbrewing.com\/fr\/wp-json\/wp\/v2\/product\/22866\/revisions"}],"predecessor-version":[{"id":22939,"href":"https:\/\/www.agronetbrewing.com\/fr\/wp-json\/wp\/v2\/product\/22866\/revisions\/22939"}],"wp:featuredmedia":[{"embeddable":true,"href":"https:\/\/www.agronetbrewing.com\/fr\/wp-json\/wp\/v2\/media\/22874"}],"wp:attachment":[{"href":"https:\/\/www.agronetbrewing.com\/fr\/wp-json\/wp\/v2\/media?parent=22866"}],"wp:term":[{"taxonomy":"pwb-brand","embeddable":true,"href":"https:\/\/www.agronetbrewing.com\/fr\/wp-json\/wp\/v2\/pwb-brand?post=22866"},{"taxonomy":"product_brand","embeddable":true,"href":"https:\/\/www.agronetbrewing.com\/fr\/wp-json\/wp\/v2\/product_brand?post=22866"},{"taxonomy":"product_cat","embeddable":true,"href":"https:\/\/www.agronetbrewing.com\/fr\/wp-json\/wp\/v2\/product_cat?post=22866"},{"taxonomy":"product_tag","embeddable":true,"href":"https:\/\/www.agronetbrewing.com\/fr\/wp-json\/wp\/v2\/product_tag?post=22866"}],"curies":[{"name":"wp","href":"https:\/\/api.w.org\/{rel}","templated":true}]}}