{"id":22885,"date":"2023-11-08T11:38:52","date_gmt":"2023-11-08T11:38:53","guid":{"rendered":"https:\/\/www.agronetbrewing.com\/?post_type=product&#038;p=22885"},"modified":"2023-11-22T11:54:10","modified_gmt":"2023-11-22T11:54:10","slug":"london-ale-yeast-wlp066-fr","status":"publish","type":"product","link":"https:\/\/www.agronetbrewing.com\/fr\/productos\/levure-et-bacteries\/white-labs-fr\/london-ale-yeast-wlp066-fr\/","title":{"rendered":"LONDON FOG ALE YEAST WLP066"},"content":{"rendered":"","protected":false},"excerpt":{"rendered":"<p>Cette souche offre des ar\u00f4mes d&rsquo;ananas et de pamplemousse rouge rubis, avec un \u00e9quilibre de houblon et une l\u00e9g\u00e8re douceur r\u00e9siduelle qui donne une sensation en bouche velout\u00e9e. Faites passer votre IPA au niveau sup\u00e9rieur avec London Fog\u00ae d\u00e8s aujourd&rsquo;hui !<\/p>\n","protected":false},"featured_media":22899,"template":"","meta":[],"pwb-brand":[1046],"product_brand":[],"product_cat":[1048],"product_tag":[],"class_list":{"0":"post-22885","1":"product","2":"type-product","3":"status-publish","4":"has-post-thumbnail","6":"pwb-brand-white-labs","7":"product_cat-white-labs-fr","9":"first","10":"instock","11":"taxable","12":"shipping-taxable","13":"product-type-variable","14":"customify-col"},"brands":[{"id":1046,"name":"WHITE LABS","slug":"white-labs"}],"_links":{"self":[{"href":"https:\/\/www.agronetbrewing.com\/fr\/wp-json\/wp\/v2\/product\/22885","targetHints":{"allow":["GET"]}}],"collection":[{"href":"https:\/\/www.agronetbrewing.com\/fr\/wp-json\/wp\/v2\/product"}],"about":[{"href":"https:\/\/www.agronetbrewing.com\/fr\/wp-json\/wp\/v2\/types\/product"}],"version-history":[{"count":1,"href":"https:\/\/www.agronetbrewing.com\/fr\/wp-json\/wp\/v2\/product\/22885\/revisions"}],"predecessor-version":[{"id":22942,"href":"https:\/\/www.agronetbrewing.com\/fr\/wp-json\/wp\/v2\/product\/22885\/revisions\/22942"}],"wp:featuredmedia":[{"embeddable":true,"href":"https:\/\/www.agronetbrewing.com\/fr\/wp-json\/wp\/v2\/media\/22899"}],"wp:attachment":[{"href":"https:\/\/www.agronetbrewing.com\/fr\/wp-json\/wp\/v2\/media?parent=22885"}],"wp:term":[{"taxonomy":"pwb-brand","embeddable":true,"href":"https:\/\/www.agronetbrewing.com\/fr\/wp-json\/wp\/v2\/pwb-brand?post=22885"},{"taxonomy":"product_brand","embeddable":true,"href":"https:\/\/www.agronetbrewing.com\/fr\/wp-json\/wp\/v2\/product_brand?post=22885"},{"taxonomy":"product_cat","embeddable":true,"href":"https:\/\/www.agronetbrewing.com\/fr\/wp-json\/wp\/v2\/product_cat?post=22885"},{"taxonomy":"product_tag","embeddable":true,"href":"https:\/\/www.agronetbrewing.com\/fr\/wp-json\/wp\/v2\/product_tag?post=22885"}],"curies":[{"name":"wp","href":"https:\/\/api.w.org\/{rel}","templated":true}]}}