{"id":22904,"date":"2023-11-14T10:28:50","date_gmt":"2023-11-14T10:28:51","guid":{"rendered":"https:\/\/www.agronetbrewing.com\/?post_type=product&#038;p=22904"},"modified":"2023-11-22T11:47:51","modified_gmt":"2023-11-22T11:47:51","slug":"hop-haze-fr","status":"publish","type":"product","link":"https:\/\/www.agronetbrewing.com\/fr\/productos\/additifs\/autres\/hop-haze-fr\/","title":{"rendered":"HOP HAZE"},"content":{"rendered":"","protected":false},"excerpt":{"rendered":"<p>HopHaze\u00ae est une nouvelle solution de brassage con\u00e7ue pour cr\u00e9er une turbidit\u00e9 remarquablement stable dans la bi\u00e8re.<\/p>\n<p>C&rsquo;est un produit totalement naturel, 100% d\u00e9riv\u00e9 du houblon, ajout\u00e9 \u00e0 la bi\u00e8re apr\u00e8s la filtration et le r\u00e9servoir de maturation\/avant l&#8217;embouteillage. Il a un go\u00fbt neutre et n&rsquo;affectera ni le go\u00fbt ni l&rsquo;ar\u00f4me de la bi\u00e8re.<\/p>\n","protected":false},"featured_media":23857,"template":"","meta":[],"pwb-brand":[],"product_brand":[],"product_cat":[1044],"product_tag":[],"class_list":{"0":"post-22904","1":"product","2":"type-product","3":"status-publish","4":"has-post-thumbnail","6":"product_cat-autres","8":"first","9":"instock","10":"taxable","11":"shipping-taxable","12":"product-type-variable","13":"customify-col"},"brands":[],"_links":{"self":[{"href":"https:\/\/www.agronetbrewing.com\/fr\/wp-json\/wp\/v2\/product\/22904","targetHints":{"allow":["GET"]}}],"collection":[{"href":"https:\/\/www.agronetbrewing.com\/fr\/wp-json\/wp\/v2\/product"}],"about":[{"href":"https:\/\/www.agronetbrewing.com\/fr\/wp-json\/wp\/v2\/types\/product"}],"version-history":[{"count":1,"href":"https:\/\/www.agronetbrewing.com\/fr\/wp-json\/wp\/v2\/product\/22904\/revisions"}],"predecessor-version":[{"id":22941,"href":"https:\/\/www.agronetbrewing.com\/fr\/wp-json\/wp\/v2\/product\/22904\/revisions\/22941"}],"wp:featuredmedia":[{"embeddable":true,"href":"https:\/\/www.agronetbrewing.com\/fr\/wp-json\/wp\/v2\/media\/23857"}],"wp:attachment":[{"href":"https:\/\/www.agronetbrewing.com\/fr\/wp-json\/wp\/v2\/media?parent=22904"}],"wp:term":[{"taxonomy":"pwb-brand","embeddable":true,"href":"https:\/\/www.agronetbrewing.com\/fr\/wp-json\/wp\/v2\/pwb-brand?post=22904"},{"taxonomy":"product_brand","embeddable":true,"href":"https:\/\/www.agronetbrewing.com\/fr\/wp-json\/wp\/v2\/product_brand?post=22904"},{"taxonomy":"product_cat","embeddable":true,"href":"https:\/\/www.agronetbrewing.com\/fr\/wp-json\/wp\/v2\/product_cat?post=22904"},{"taxonomy":"product_tag","embeddable":true,"href":"https:\/\/www.agronetbrewing.com\/fr\/wp-json\/wp\/v2\/product_tag?post=22904"}],"curies":[{"name":"wp","href":"https:\/\/api.w.org\/{rel}","templated":true}]}}