{"id":23535,"date":"2024-08-27T08:07:54","date_gmt":"2024-08-27T08:07:54","guid":{"rendered":"https:\/\/www.agronetbrewing.com\/?post_type=product&#038;p=23535"},"modified":"2025-02-12T10:01:52","modified_gmt":"2025-02-12T09:01:52","slug":"easydens-densimetro-digital","status":"publish","type":"product","link":"https:\/\/www.agronetbrewing.com\/fr\/productos\/instruments-de-mesure\/hydrometres\/easydens-densimetro-digital\/","title":{"rendered":"EASYDENS DENSIMETRO DIGITAL"},"content":{"rendered":"<p>EasyDens determina el contenido exacto del mosto, el contenido de az\u00facar de los jugos de elaboraci\u00f3n casera y el contenido de alcohol en bebidas destiladas sin az\u00facar Util\u00edcelo para controlar el proceso de fermentaci\u00f3n de cerveza, vino y licores mediante una medici\u00f3n diaria del extracto aparente o del az\u00facar a partir de una muestra de 2 mL. Descargue la aplicaci\u00f3n gratuita para seguir la fermentaci\u00f3n desde su smartphone y evaluar f\u00e1cilmente el momento del embotellado. Tras la descarga de la aplicaci\u00f3n gratuita para el EasyDens, los resultados se muestran y almacenan en su smartphone, listos para exportarlo a una computadora.<\/p>\n","protected":false},"excerpt":{"rendered":"<p>EasyDens determina el contenido exacto del mosto, el contenido de az\u00facar de los jugos de elaboraci\u00f3n casera y el contenido de alcohol en bebidas destiladas&hellip;<\/p>\n","protected":false},"featured_media":23538,"template":"","meta":[],"pwb-brand":[1053],"product_brand":[],"product_cat":[81],"product_tag":[],"class_list":{"0":"post-23535","1":"product","2":"type-product","3":"status-publish","4":"has-post-thumbnail","6":"pwb-brand-anton-paar-consumertech-gmbh","7":"product_cat-densimetros","9":"first","10":"instock","11":"taxable","12":"shipping-taxable","13":"product-type-simple","14":"customify-col","15":"product-has-gallery"},"brands":[{"id":1053,"name":"ANTON PAAR CONSUMERTECH GMBH","slug":"anton-paar-consumertech-gmbh"}],"_links":{"self":[{"href":"https:\/\/www.agronetbrewing.com\/fr\/wp-json\/wp\/v2\/product\/23535","targetHints":{"allow":["GET"]}}],"collection":[{"href":"https:\/\/www.agronetbrewing.com\/fr\/wp-json\/wp\/v2\/product"}],"about":[{"href":"https:\/\/www.agronetbrewing.com\/fr\/wp-json\/wp\/v2\/types\/product"}],"version-history":[{"count":1,"href":"https:\/\/www.agronetbrewing.com\/fr\/wp-json\/wp\/v2\/product\/23535\/revisions"}],"predecessor-version":[{"id":23540,"href":"https:\/\/www.agronetbrewing.com\/fr\/wp-json\/wp\/v2\/product\/23535\/revisions\/23540"}],"wp:featuredmedia":[{"embeddable":true,"href":"https:\/\/www.agronetbrewing.com\/fr\/wp-json\/wp\/v2\/media\/23538"}],"wp:attachment":[{"href":"https:\/\/www.agronetbrewing.com\/fr\/wp-json\/wp\/v2\/media?parent=23535"}],"wp:term":[{"taxonomy":"pwb-brand","embeddable":true,"href":"https:\/\/www.agronetbrewing.com\/fr\/wp-json\/wp\/v2\/pwb-brand?post=23535"},{"taxonomy":"product_brand","embeddable":true,"href":"https:\/\/www.agronetbrewing.com\/fr\/wp-json\/wp\/v2\/product_brand?post=23535"},{"taxonomy":"product_cat","embeddable":true,"href":"https:\/\/www.agronetbrewing.com\/fr\/wp-json\/wp\/v2\/product_cat?post=23535"},{"taxonomy":"product_tag","embeddable":true,"href":"https:\/\/www.agronetbrewing.com\/fr\/wp-json\/wp\/v2\/product_tag?post=23535"}],"curies":[{"name":"wp","href":"https:\/\/api.w.org\/{rel}","templated":true}]}}