{"id":23542,"date":"2024-08-27T08:22:30","date_gmt":"2024-08-27T08:22:30","guid":{"rendered":"https:\/\/www.agronetbrewing.com\/?post_type=product&#038;p=23542"},"modified":"2025-02-12T10:00:32","modified_gmt":"2025-02-12T09:00:32","slug":"smartref-refractometro-digital","status":"publish","type":"product","link":"https:\/\/www.agronetbrewing.com\/fr\/productos\/instruments-de-mesure\/refractrometres\/smartref-refractometro-digital\/","title":{"rendered":"SMARTREF REFRACTOMETRO DIGITAL"},"content":{"rendered":"<p>El refract\u00f3metro digital SmartRef es un dispositivo port\u00e1til inteligente, de bolsillo, adecuado para una amplia gama de necesidades. En combinaci\u00f3n con una aplicaci\u00f3n m\u00f3vil gratuita, ofrece m\u00e1s de 15 unidades de medida diferentes. Mida el contenido de sal de su acuario o piscina de agua salada, el contenido de extracto de su cerveza, el contenido de az\u00facar del vino, el dulzor de las frutas y verduras, la humedad de la miel y mucho m\u00e1s.<\/p>\n","protected":false},"excerpt":{"rendered":"<p>El refract\u00f3metro digital SmartRef es un dispositivo port\u00e1til inteligente, de bolsillo, adecuado para una amplia gama de necesidades. En combinaci\u00f3n con una aplicaci\u00f3n m\u00f3vil gratuita,&hellip;<\/p>\n","protected":false},"featured_media":23543,"template":"","meta":[],"pwb-brand":[1053],"product_brand":[],"product_cat":[82],"product_tag":[],"class_list":{"0":"post-23542","1":"product","2":"type-product","3":"status-publish","4":"has-post-thumbnail","6":"pwb-brand-anton-paar-consumertech-gmbh","7":"product_cat-refractrometros","9":"first","10":"instock","11":"taxable","12":"shipping-taxable","13":"product-type-simple","14":"customify-col","15":"product-has-gallery"},"brands":[{"id":1053,"name":"ANTON PAAR CONSUMERTECH GMBH","slug":"anton-paar-consumertech-gmbh"}],"_links":{"self":[{"href":"https:\/\/www.agronetbrewing.com\/fr\/wp-json\/wp\/v2\/product\/23542","targetHints":{"allow":["GET"]}}],"collection":[{"href":"https:\/\/www.agronetbrewing.com\/fr\/wp-json\/wp\/v2\/product"}],"about":[{"href":"https:\/\/www.agronetbrewing.com\/fr\/wp-json\/wp\/v2\/types\/product"}],"version-history":[{"count":1,"href":"https:\/\/www.agronetbrewing.com\/fr\/wp-json\/wp\/v2\/product\/23542\/revisions"}],"predecessor-version":[{"id":23545,"href":"https:\/\/www.agronetbrewing.com\/fr\/wp-json\/wp\/v2\/product\/23542\/revisions\/23545"}],"wp:featuredmedia":[{"embeddable":true,"href":"https:\/\/www.agronetbrewing.com\/fr\/wp-json\/wp\/v2\/media\/23543"}],"wp:attachment":[{"href":"https:\/\/www.agronetbrewing.com\/fr\/wp-json\/wp\/v2\/media?parent=23542"}],"wp:term":[{"taxonomy":"pwb-brand","embeddable":true,"href":"https:\/\/www.agronetbrewing.com\/fr\/wp-json\/wp\/v2\/pwb-brand?post=23542"},{"taxonomy":"product_brand","embeddable":true,"href":"https:\/\/www.agronetbrewing.com\/fr\/wp-json\/wp\/v2\/product_brand?post=23542"},{"taxonomy":"product_cat","embeddable":true,"href":"https:\/\/www.agronetbrewing.com\/fr\/wp-json\/wp\/v2\/product_cat?post=23542"},{"taxonomy":"product_tag","embeddable":true,"href":"https:\/\/www.agronetbrewing.com\/fr\/wp-json\/wp\/v2\/product_tag?post=23542"}],"curies":[{"name":"wp","href":"https:\/\/api.w.org\/{rel}","templated":true}]}}