{"id":23685,"date":"2025-01-14T10:39:16","date_gmt":"2025-01-14T09:39:17","guid":{"rendered":"https:\/\/www.agronetbrewing.com\/?post_type=product&#038;p=23685"},"modified":"2025-02-14T09:54:35","modified_gmt":"2025-02-14T08:54:35","slug":"malt-jehanne-darc-pilsen-les-maltiers-copia","status":"publish","type":"product","link":"https:\/\/www.agronetbrewing.com\/fr\/productos\/malts\/les-maltiers-fr\/malt-jehanne-darc-pilsen-les-maltiers-copia\/","title":{"rendered":"Malt Jehanne D\u2019Arc Pilsen Les Maltiers (copia)"},"content":{"rendered":"","protected":false},"excerpt":{"rendered":"<p>Le malt Jehanne d\u2019arc est fabriqu\u00e9 \u00e0 partir d\u2019une orge s\u00e9lectionn\u00e9e et trac\u00e9e depuis l\u2019agriculteur jusqu\u2019au microbrasseur.<\/p>\n<p>Issue des meilleurs r\u00e9gions productrices d\u2019orge de printemps brassicole. Le malt Jehanne d\u2019arc vous offre un produit de qualit\u00e9, homog\u00e8ne toute l\u2019ann\u00e9e, local et 100% de tra\u00e7abilit\u00e9.<\/p>\n","protected":false},"featured_media":21007,"template":"","meta":[],"pwb-brand":[1036],"product_brand":[],"product_cat":[1035],"product_tag":[],"class_list":{"0":"post-23685","1":"product","2":"type-product","3":"status-publish","4":"has-post-thumbnail","6":"pwb-brand-les-maltiers","7":"product_cat-les-maltiers-fr","9":"first","10":"instock","11":"taxable","12":"shipping-taxable","13":"product-type-variable","14":"customify-col"},"brands":[{"id":1036,"name":"LES MALTIERS","slug":"les-maltiers"}],"_links":{"self":[{"href":"https:\/\/www.agronetbrewing.com\/fr\/wp-json\/wp\/v2\/product\/23685","targetHints":{"allow":["GET"]}}],"collection":[{"href":"https:\/\/www.agronetbrewing.com\/fr\/wp-json\/wp\/v2\/product"}],"about":[{"href":"https:\/\/www.agronetbrewing.com\/fr\/wp-json\/wp\/v2\/types\/product"}],"version-history":[{"count":1,"href":"https:\/\/www.agronetbrewing.com\/fr\/wp-json\/wp\/v2\/product\/23685\/revisions"}],"predecessor-version":[{"id":24186,"href":"https:\/\/www.agronetbrewing.com\/fr\/wp-json\/wp\/v2\/product\/23685\/revisions\/24186"}],"wp:featuredmedia":[{"embeddable":true,"href":"https:\/\/www.agronetbrewing.com\/fr\/wp-json\/wp\/v2\/media\/21007"}],"wp:attachment":[{"href":"https:\/\/www.agronetbrewing.com\/fr\/wp-json\/wp\/v2\/media?parent=23685"}],"wp:term":[{"taxonomy":"pwb-brand","embeddable":true,"href":"https:\/\/www.agronetbrewing.com\/fr\/wp-json\/wp\/v2\/pwb-brand?post=23685"},{"taxonomy":"product_brand","embeddable":true,"href":"https:\/\/www.agronetbrewing.com\/fr\/wp-json\/wp\/v2\/product_brand?post=23685"},{"taxonomy":"product_cat","embeddable":true,"href":"https:\/\/www.agronetbrewing.com\/fr\/wp-json\/wp\/v2\/product_cat?post=23685"},{"taxonomy":"product_tag","embeddable":true,"href":"https:\/\/www.agronetbrewing.com\/fr\/wp-json\/wp\/v2\/product_tag?post=23685"}],"curies":[{"name":"wp","href":"https:\/\/api.w.org\/{rel}","templated":true}]}}