{"id":23713,"date":"2025-01-31T12:42:35","date_gmt":"2025-01-31T11:42:35","guid":{"rendered":"https:\/\/www.agronetbrewing.com\/?post_type=product&#038;p=23713"},"modified":"2025-02-03T09:34:10","modified_gmt":"2025-02-03T08:34:10","slug":"flocons-de-riz","status":"publish","type":"product","link":"https:\/\/www.agronetbrewing.com\/fr\/productos\/flocons-de-cereales\/flocons-de-riz\/","title":{"rendered":"FLOCONS DE RIZ"},"content":{"rendered":"","protected":false},"excerpt":{"rendered":"<p>Il est utilis\u00e9 pour donner une saveur plus compl\u00e8te et pour augmenter le corps de la bi\u00e8re.<\/p>\n","protected":false},"featured_media":23718,"template":"","meta":[],"pwb-brand":[],"product_brand":[],"product_cat":[195],"product_tag":[],"class_list":{"0":"post-23713","1":"product","2":"type-product","3":"status-publish","4":"has-post-thumbnail","6":"product_cat-flocons-de-cereales","8":"first","9":"instock","10":"taxable","11":"shipping-taxable","12":"product-type-variable","13":"has-default-attributes","14":"customify-col"},"brands":[],"_links":{"self":[{"href":"https:\/\/www.agronetbrewing.com\/fr\/wp-json\/wp\/v2\/product\/23713","targetHints":{"allow":["GET"]}}],"collection":[{"href":"https:\/\/www.agronetbrewing.com\/fr\/wp-json\/wp\/v2\/product"}],"about":[{"href":"https:\/\/www.agronetbrewing.com\/fr\/wp-json\/wp\/v2\/types\/product"}],"version-history":[{"count":1,"href":"https:\/\/www.agronetbrewing.com\/fr\/wp-json\/wp\/v2\/product\/23713\/revisions"}],"predecessor-version":[{"id":23748,"href":"https:\/\/www.agronetbrewing.com\/fr\/wp-json\/wp\/v2\/product\/23713\/revisions\/23748"}],"wp:featuredmedia":[{"embeddable":true,"href":"https:\/\/www.agronetbrewing.com\/fr\/wp-json\/wp\/v2\/media\/23718"}],"wp:attachment":[{"href":"https:\/\/www.agronetbrewing.com\/fr\/wp-json\/wp\/v2\/media?parent=23713"}],"wp:term":[{"taxonomy":"pwb-brand","embeddable":true,"href":"https:\/\/www.agronetbrewing.com\/fr\/wp-json\/wp\/v2\/pwb-brand?post=23713"},{"taxonomy":"product_brand","embeddable":true,"href":"https:\/\/www.agronetbrewing.com\/fr\/wp-json\/wp\/v2\/product_brand?post=23713"},{"taxonomy":"product_cat","embeddable":true,"href":"https:\/\/www.agronetbrewing.com\/fr\/wp-json\/wp\/v2\/product_cat?post=23713"},{"taxonomy":"product_tag","embeddable":true,"href":"https:\/\/www.agronetbrewing.com\/fr\/wp-json\/wp\/v2\/product_tag?post=23713"}],"curies":[{"name":"wp","href":"https:\/\/api.w.org\/{rel}","templated":true}]}}