{"id":23814,"date":"2025-02-12T09:21:07","date_gmt":"2025-02-05T09:03:07","guid":{"rendered":"https:\/\/www.agronetbrewing.com\/productos\/non%20class\u00e9\/lalbrew-essential-series-fruity-ipa\/"},"modified":"2025-02-10T11:04:30","modified_gmt":"2025-02-10T10:04:30","slug":"lalbrew-essential-series-fruity-ipa","status":"publish","type":"product","link":"https:\/\/www.agronetbrewing.com\/fr\/productos\/levure-et-bacteries\/lallemand-fr\/essential-series-fr\/lalbrew-essential-series-fruity-ipa\/","title":{"rendered":"LalBrew\u2122 Essential Series Fruity IPA"},"content":{"rendered":"","protected":false},"excerpt":{"rendered":"<p>Une souche de Saccharomyces cerevisiae s\u00e9lectionn\u00e9e dans la collection de cultures de levures Lallemand qui permet d&rsquo;obtenir des performances de fermentation constantes et efficaces dans les styles IPA fruit\u00e9s, tout en produisant des ar\u00f4mes tropicaux (ananas, p\u00eache) et en renfor\u00e7ant le caract\u00e8re du houblon.<\/p>\n","protected":false},"featured_media":23809,"template":"","meta":[],"pwb-brand":[],"product_brand":[],"product_cat":[160],"product_tag":[],"class_list":{"0":"post-23814","1":"product","2":"type-product","3":"status-publish","4":"has-post-thumbnail","6":"product_cat-essential-series-fr","8":"first","9":"instock","10":"taxable","11":"shipping-taxable","12":"product-type-simple","13":"customify-col"},"brands":[],"_links":{"self":[{"href":"https:\/\/www.agronetbrewing.com\/fr\/wp-json\/wp\/v2\/product\/23814","targetHints":{"allow":["GET"]}}],"collection":[{"href":"https:\/\/www.agronetbrewing.com\/fr\/wp-json\/wp\/v2\/product"}],"about":[{"href":"https:\/\/www.agronetbrewing.com\/fr\/wp-json\/wp\/v2\/types\/product"}],"version-history":[{"count":1,"href":"https:\/\/www.agronetbrewing.com\/fr\/wp-json\/wp\/v2\/product\/23814\/revisions"}],"predecessor-version":[{"id":23905,"href":"https:\/\/www.agronetbrewing.com\/fr\/wp-json\/wp\/v2\/product\/23814\/revisions\/23905"}],"wp:featuredmedia":[{"embeddable":true,"href":"https:\/\/www.agronetbrewing.com\/fr\/wp-json\/wp\/v2\/media\/23809"}],"wp:attachment":[{"href":"https:\/\/www.agronetbrewing.com\/fr\/wp-json\/wp\/v2\/media?parent=23814"}],"wp:term":[{"taxonomy":"pwb-brand","embeddable":true,"href":"https:\/\/www.agronetbrewing.com\/fr\/wp-json\/wp\/v2\/pwb-brand?post=23814"},{"taxonomy":"product_brand","embeddable":true,"href":"https:\/\/www.agronetbrewing.com\/fr\/wp-json\/wp\/v2\/product_brand?post=23814"},{"taxonomy":"product_cat","embeddable":true,"href":"https:\/\/www.agronetbrewing.com\/fr\/wp-json\/wp\/v2\/product_cat?post=23814"},{"taxonomy":"product_tag","embeddable":true,"href":"https:\/\/www.agronetbrewing.com\/fr\/wp-json\/wp\/v2\/product_tag?post=23814"}],"curies":[{"name":"wp","href":"https:\/\/api.w.org\/{rel}","templated":true}]}}