{"id":23826,"date":"2025-02-05T10:21:54","date_gmt":"2025-02-05T09:21:54","guid":{"rendered":"https:\/\/www.agronetbrewing.com\/productos\/non%20class\u00e9\/boite-en-aluminium-noir\/"},"modified":"2025-02-14T09:47:17","modified_gmt":"2025-02-14T08:47:17","slug":"boite-en-aluminium-noir","status":"publish","type":"product","link":"https:\/\/www.agronetbrewing.com\/fr\/productos\/emballage\/canettes\/boite-en-aluminium-noir\/","title":{"rendered":"Bo\u00eete en aluminium noir"},"content":{"rendered":"","protected":false},"excerpt":{"rendered":"<p>Bo\u00eetes en aluminium vides et sans couvercle, type \u00ab\u00a0STD\u00a0\u00bb (Standard). Ces bo\u00eetes se distinguent par leur durabilit\u00e9 et polyvalence, \u00e9tant adapt\u00e9es \u00e0 une grande vari\u00e9t\u00e9 d&rsquo;applications. Parfaites \u00e0 la fois pour le stockage de produits alimentaires et pour des usages industriels et artisanaux, elles offrent une solution pratique et efficace pour de nombreux besoins.<\/p>\n","protected":false},"featured_media":23822,"template":"","meta":[],"pwb-brand":[],"product_brand":[],"product_cat":[1051],"product_tag":[],"class_list":{"0":"post-23826","1":"product","2":"type-product","3":"status-publish","4":"has-post-thumbnail","6":"product_cat-canettes","8":"first","9":"instock","10":"taxable","11":"shipping-taxable","12":"product-type-variable","13":"has-default-attributes","14":"customify-col"},"brands":[],"_links":{"self":[{"href":"https:\/\/www.agronetbrewing.com\/fr\/wp-json\/wp\/v2\/product\/23826","targetHints":{"allow":["GET"]}}],"collection":[{"href":"https:\/\/www.agronetbrewing.com\/fr\/wp-json\/wp\/v2\/product"}],"about":[{"href":"https:\/\/www.agronetbrewing.com\/fr\/wp-json\/wp\/v2\/types\/product"}],"version-history":[{"count":2,"href":"https:\/\/www.agronetbrewing.com\/fr\/wp-json\/wp\/v2\/product\/23826\/revisions"}],"predecessor-version":[{"id":24179,"href":"https:\/\/www.agronetbrewing.com\/fr\/wp-json\/wp\/v2\/product\/23826\/revisions\/24179"}],"wp:featuredmedia":[{"embeddable":true,"href":"https:\/\/www.agronetbrewing.com\/fr\/wp-json\/wp\/v2\/media\/23822"}],"wp:attachment":[{"href":"https:\/\/www.agronetbrewing.com\/fr\/wp-json\/wp\/v2\/media?parent=23826"}],"wp:term":[{"taxonomy":"pwb-brand","embeddable":true,"href":"https:\/\/www.agronetbrewing.com\/fr\/wp-json\/wp\/v2\/pwb-brand?post=23826"},{"taxonomy":"product_brand","embeddable":true,"href":"https:\/\/www.agronetbrewing.com\/fr\/wp-json\/wp\/v2\/product_brand?post=23826"},{"taxonomy":"product_cat","embeddable":true,"href":"https:\/\/www.agronetbrewing.com\/fr\/wp-json\/wp\/v2\/product_cat?post=23826"},{"taxonomy":"product_tag","embeddable":true,"href":"https:\/\/www.agronetbrewing.com\/fr\/wp-json\/wp\/v2\/product_tag?post=23826"}],"curies":[{"name":"wp","href":"https:\/\/api.w.org\/{rel}","templated":true}]}}