{"id":23852,"date":"2025-02-05T11:56:45","date_gmt":"2025-02-05T10:56:45","guid":{"rendered":"https:\/\/www.agronetbrewing.com\/productos\/non%20class\u00e9\/alpha-acetolactate-decarboxylase-aldc\/"},"modified":"2025-02-10T11:00:13","modified_gmt":"2025-02-10T10:00:13","slug":"alpha-acetolactate-decarboxylase-aldc","status":"publish","type":"product","link":"https:\/\/www.agronetbrewing.com\/fr\/productos\/additifs\/enzymes\/alpha-acetolactate-decarboxylase-aldc\/","title":{"rendered":"Alpha Acetolactate Decarboxylase (ALDC)"},"content":{"rendered":"","protected":false},"excerpt":{"rendered":"<p>Contournez la formation de diac\u00e9tyle en utilisant l&rsquo;ALDC. Un simple ajout permet de contr\u00f4ler de mani\u00e8re coh\u00e9rente un aspect probl\u00e9matique du brassage et donc de pr\u00e9venir de mani\u00e8re coh\u00e9rente l&rsquo;une des plaintes les plus courantes en mati\u00e8re d&rsquo;ar\u00f4me. Le diac\u00e9tyle est co\u00fbteux \u00e0 mesurer et \u00e0 contr\u00f4ler, c&rsquo;est pourquoi le contournement de sa formation est devenu tr\u00e8s populaire aupr\u00e8s des brasseurs, en particulier ceux qui brassent des lagers et des pale ales houblonn\u00e9es \u00e0 sec.<\/p>\n","protected":false},"featured_media":23847,"template":"","meta":[],"pwb-brand":[],"product_brand":[],"product_cat":[157],"product_tag":[],"class_list":{"0":"post-23852","1":"product","2":"type-product","3":"status-publish","4":"has-post-thumbnail","6":"product_cat-enzymes","8":"first","9":"instock","10":"taxable","11":"shipping-taxable","12":"product-type-variable","13":"customify-col","14":"product-has-gallery"},"brands":[],"_links":{"self":[{"href":"https:\/\/www.agronetbrewing.com\/fr\/wp-json\/wp\/v2\/product\/23852","targetHints":{"allow":["GET"]}}],"collection":[{"href":"https:\/\/www.agronetbrewing.com\/fr\/wp-json\/wp\/v2\/product"}],"about":[{"href":"https:\/\/www.agronetbrewing.com\/fr\/wp-json\/wp\/v2\/types\/product"}],"version-history":[{"count":2,"href":"https:\/\/www.agronetbrewing.com\/fr\/wp-json\/wp\/v2\/product\/23852\/revisions"}],"predecessor-version":[{"id":23901,"href":"https:\/\/www.agronetbrewing.com\/fr\/wp-json\/wp\/v2\/product\/23852\/revisions\/23901"}],"wp:featuredmedia":[{"embeddable":true,"href":"https:\/\/www.agronetbrewing.com\/fr\/wp-json\/wp\/v2\/media\/23847"}],"wp:attachment":[{"href":"https:\/\/www.agronetbrewing.com\/fr\/wp-json\/wp\/v2\/media?parent=23852"}],"wp:term":[{"taxonomy":"pwb-brand","embeddable":true,"href":"https:\/\/www.agronetbrewing.com\/fr\/wp-json\/wp\/v2\/pwb-brand?post=23852"},{"taxonomy":"product_brand","embeddable":true,"href":"https:\/\/www.agronetbrewing.com\/fr\/wp-json\/wp\/v2\/product_brand?post=23852"},{"taxonomy":"product_cat","embeddable":true,"href":"https:\/\/www.agronetbrewing.com\/fr\/wp-json\/wp\/v2\/product_cat?post=23852"},{"taxonomy":"product_tag","embeddable":true,"href":"https:\/\/www.agronetbrewing.com\/fr\/wp-json\/wp\/v2\/product_tag?post=23852"}],"curies":[{"name":"wp","href":"https:\/\/api.w.org\/{rel}","templated":true}]}}