{"id":23887,"date":"2025-02-10T10:03:39","date_gmt":"2025-02-10T09:03:39","guid":{"rendered":"https:\/\/www.agronetbrewing.com\/productos\/non%20class\u00e9\/extrait-de-houblon-dynaboost\/"},"modified":"2025-02-10T10:24:07","modified_gmt":"2025-02-10T09:24:07","slug":"extrait-de-houblon-dynaboost","status":"publish","type":"product","link":"https:\/\/www.agronetbrewing.com\/fr\/productos\/houblons\/extrait-de-houblon\/extrait-de-houblon-dynaboost\/","title":{"rendered":"Extrait de houblon DynaBoost"},"content":{"rendered":"","protected":false},"excerpt":{"rendered":"<p>DynaBoost a \u00e9t\u00e9 cr\u00e9\u00e9 comme un ajout de tourbillon simple qui amplifie les ar\u00f4mes en concentrant les compos\u00e9s solubles dans le mo\u00fbt. Cette solubilit\u00e9 r\u00e9duit l&rsquo;impact des mati\u00e8res solides dans le flux de d\u00e9chets et permet d&rsquo;obtenir plus de mo\u00fbt pour le fermenteur.<\/p>\n","protected":false},"featured_media":23880,"template":"","meta":[],"pwb-brand":[],"product_brand":[],"product_cat":[158],"product_tag":[],"class_list":{"0":"post-23887","1":"product","2":"type-product","3":"status-publish","4":"has-post-thumbnail","6":"product_cat-extrait-de-houblon","8":"first","9":"instock","10":"taxable","11":"shipping-taxable","12":"product-type-simple","13":"customify-col"},"brands":[],"_links":{"self":[{"href":"https:\/\/www.agronetbrewing.com\/fr\/wp-json\/wp\/v2\/product\/23887","targetHints":{"allow":["GET"]}}],"collection":[{"href":"https:\/\/www.agronetbrewing.com\/fr\/wp-json\/wp\/v2\/product"}],"about":[{"href":"https:\/\/www.agronetbrewing.com\/fr\/wp-json\/wp\/v2\/types\/product"}],"version-history":[{"count":2,"href":"https:\/\/www.agronetbrewing.com\/fr\/wp-json\/wp\/v2\/product\/23887\/revisions"}],"predecessor-version":[{"id":23890,"href":"https:\/\/www.agronetbrewing.com\/fr\/wp-json\/wp\/v2\/product\/23887\/revisions\/23890"}],"wp:featuredmedia":[{"embeddable":true,"href":"https:\/\/www.agronetbrewing.com\/fr\/wp-json\/wp\/v2\/media\/23880"}],"wp:attachment":[{"href":"https:\/\/www.agronetbrewing.com\/fr\/wp-json\/wp\/v2\/media?parent=23887"}],"wp:term":[{"taxonomy":"pwb-brand","embeddable":true,"href":"https:\/\/www.agronetbrewing.com\/fr\/wp-json\/wp\/v2\/pwb-brand?post=23887"},{"taxonomy":"product_brand","embeddable":true,"href":"https:\/\/www.agronetbrewing.com\/fr\/wp-json\/wp\/v2\/product_brand?post=23887"},{"taxonomy":"product_cat","embeddable":true,"href":"https:\/\/www.agronetbrewing.com\/fr\/wp-json\/wp\/v2\/product_cat?post=23887"},{"taxonomy":"product_tag","embeddable":true,"href":"https:\/\/www.agronetbrewing.com\/fr\/wp-json\/wp\/v2\/product_tag?post=23887"}],"curies":[{"name":"wp","href":"https:\/\/api.w.org\/{rel}","templated":true}]}}