{"id":23891,"date":"2025-02-10T10:06:01","date_gmt":"2025-02-10T09:06:01","guid":{"rendered":"https:\/\/www.agronetbrewing.com\/productos\/non%20class\u00e9\/extrait-de-houblon-hyperboost\/"},"modified":"2025-02-10T10:25:37","modified_gmt":"2025-02-10T09:25:37","slug":"extrait-de-houblon-hyperboost","status":"publish","type":"product","link":"https:\/\/www.agronetbrewing.com\/fr\/productos\/houblons\/extrait-de-houblon\/extrait-de-houblon-hyperboost\/","title":{"rendered":"Extrait de houblon HyperBoost"},"content":{"rendered":"","protected":false},"excerpt":{"rendered":"<p>Con\u00e7u pour amplifier les ar\u00f4mes de houblon et augmenter les rendements, HyperBoost excelle \u00e0 ajouter un magnifique ar\u00f4me de houblon partout o\u00f9 les pellets sont g\u00e9n\u00e9ralement utilis\u00e9s, y compris dans les applications \u00e0 froid. HyperBoost est brass\u00e9 avec des vari\u00e9t\u00e9s de houblon individuelles afin de renforcer l&rsquo;ar\u00f4me sp\u00e9cifique de chaque vari\u00e9t\u00e9 dans la bi\u00e8re finie.<\/p>\n","protected":false},"featured_media":23885,"template":"","meta":[],"pwb-brand":[],"product_brand":[],"product_cat":[158],"product_tag":[],"class_list":{"0":"post-23891","1":"product","2":"type-product","3":"status-publish","4":"has-post-thumbnail","6":"product_cat-extrait-de-houblon","8":"first","9":"instock","10":"taxable","11":"shipping-taxable","12":"product-type-simple","13":"customify-col"},"brands":[],"_links":{"self":[{"href":"https:\/\/www.agronetbrewing.com\/fr\/wp-json\/wp\/v2\/product\/23891","targetHints":{"allow":["GET"]}}],"collection":[{"href":"https:\/\/www.agronetbrewing.com\/fr\/wp-json\/wp\/v2\/product"}],"about":[{"href":"https:\/\/www.agronetbrewing.com\/fr\/wp-json\/wp\/v2\/types\/product"}],"version-history":[{"count":1,"href":"https:\/\/www.agronetbrewing.com\/fr\/wp-json\/wp\/v2\/product\/23891\/revisions"}],"predecessor-version":[{"id":23892,"href":"https:\/\/www.agronetbrewing.com\/fr\/wp-json\/wp\/v2\/product\/23891\/revisions\/23892"}],"wp:featuredmedia":[{"embeddable":true,"href":"https:\/\/www.agronetbrewing.com\/fr\/wp-json\/wp\/v2\/media\/23885"}],"wp:attachment":[{"href":"https:\/\/www.agronetbrewing.com\/fr\/wp-json\/wp\/v2\/media?parent=23891"}],"wp:term":[{"taxonomy":"pwb-brand","embeddable":true,"href":"https:\/\/www.agronetbrewing.com\/fr\/wp-json\/wp\/v2\/pwb-brand?post=23891"},{"taxonomy":"product_brand","embeddable":true,"href":"https:\/\/www.agronetbrewing.com\/fr\/wp-json\/wp\/v2\/product_brand?post=23891"},{"taxonomy":"product_cat","embeddable":true,"href":"https:\/\/www.agronetbrewing.com\/fr\/wp-json\/wp\/v2\/product_cat?post=23891"},{"taxonomy":"product_tag","embeddable":true,"href":"https:\/\/www.agronetbrewing.com\/fr\/wp-json\/wp\/v2\/product_tag?post=23891"}],"curies":[{"name":"wp","href":"https:\/\/api.w.org\/{rel}","templated":true}]}}