{"id":23956,"date":"2025-02-10T09:53:25","date_gmt":"2025-02-11T08:53:25","guid":{"rendered":"https:\/\/www.agronetbrewing.com\/productos\/non class\u00e9\/trizyme\/"},"modified":"2025-02-11T09:53:25","modified_gmt":"2025-02-11T08:53:25","slug":"trizyme","status":"publish","type":"product","link":"https:\/\/www.agronetbrewing.com\/fr\/productos\/additifs\/enzymes\/trizyme\/","title":{"rendered":"Trizyme"},"content":{"rendered":"","protected":false},"excerpt":{"rendered":"<p>Trizyme est une pr\u00e9paration enzymatique liquide sp\u00e9cialement formul\u00e9e pour \u00eatre utilis\u00e9e dans la cuve d&#8217;emp\u00e2tage. Il s&rsquo;agit d&rsquo;un m\u00e9lange d&rsquo;\u03b1-amylase et de \u00df-glucanase provenant d&rsquo;une source bact\u00e9rienne approuv\u00e9e, combin\u00e9 \u00e0 des enzymes prot\u00e9olytiques d&rsquo;origine v\u00e9g\u00e9tale approuv\u00e9e et \u00e0 des conservateurs de qualit\u00e9 alimentaire autoris\u00e9s. Produit casher.<\/p>\n","protected":false},"featured_media":0,"template":"","meta":[],"pwb-brand":[1066],"product_brand":[],"product_cat":[157],"product_tag":[],"class_list":{"0":"post-23956","1":"product","2":"type-product","3":"status-publish","5":"pwb-brand-murphy-and-son","6":"product_cat-enzymes","8":"first","9":"instock","10":"taxable","11":"shipping-taxable","12":"product-type-variable","13":"customify-col"},"brands":[{"id":1066,"name":"Murphy &amp; Son","slug":"murphy-and-son"}],"_links":{"self":[{"href":"https:\/\/www.agronetbrewing.com\/fr\/wp-json\/wp\/v2\/product\/23956","targetHints":{"allow":["GET"]}}],"collection":[{"href":"https:\/\/www.agronetbrewing.com\/fr\/wp-json\/wp\/v2\/product"}],"about":[{"href":"https:\/\/www.agronetbrewing.com\/fr\/wp-json\/wp\/v2\/types\/product"}],"version-history":[{"count":0,"href":"https:\/\/www.agronetbrewing.com\/fr\/wp-json\/wp\/v2\/product\/23956\/revisions"}],"wp:attachment":[{"href":"https:\/\/www.agronetbrewing.com\/fr\/wp-json\/wp\/v2\/media?parent=23956"}],"wp:term":[{"taxonomy":"pwb-brand","embeddable":true,"href":"https:\/\/www.agronetbrewing.com\/fr\/wp-json\/wp\/v2\/pwb-brand?post=23956"},{"taxonomy":"product_brand","embeddable":true,"href":"https:\/\/www.agronetbrewing.com\/fr\/wp-json\/wp\/v2\/product_brand?post=23956"},{"taxonomy":"product_cat","embeddable":true,"href":"https:\/\/www.agronetbrewing.com\/fr\/wp-json\/wp\/v2\/product_cat?post=23956"},{"taxonomy":"product_tag","embeddable":true,"href":"https:\/\/www.agronetbrewing.com\/fr\/wp-json\/wp\/v2\/product_tag?post=23956"}],"curies":[{"name":"wp","href":"https:\/\/api.w.org\/{rel}","templated":true}]}}