{"id":23992,"date":"2025-02-12T09:44:50","date_gmt":"2025-02-12T08:44:50","guid":{"rendered":"https:\/\/www.agronetbrewing.com\/productos\/non%20class\u00e9\/munich-lager-yeast\/"},"modified":"2025-02-12T09:54:31","modified_gmt":"2025-02-12T08:54:31","slug":"munich-lager-yeast","status":"publish","type":"product","link":"https:\/\/www.agronetbrewing.com\/fr\/productos\/levure-et-bacteries\/white-labs-fr\/munich-lager-yeast\/","title":{"rendered":"Munich Lager Yeast"},"content":{"rendered":"","protected":false},"excerpt":{"rendered":"<p>Provenant de la plus ancienne brasserie de Munich. Soigneusement cultiv\u00e9e et pr\u00e9serv\u00e9e par des moines brasseurs dans le respect de traditions ancestrales, cette souche est r\u00e9put\u00e9e pour sa fermentation propre et nette, \u00e9quilibr\u00e9e par une douceur malt\u00e9e distincte.<\/p>\n","protected":false},"featured_media":23991,"template":"","meta":[],"pwb-brand":[],"product_brand":[],"product_cat":[1048],"product_tag":[],"class_list":{"0":"post-23992","1":"product","2":"type-product","3":"status-publish","4":"has-post-thumbnail","6":"product_cat-white-labs-fr","8":"first","9":"instock","10":"taxable","11":"shipping-taxable","12":"product-type-variable","13":"customify-col","14":"product-has-gallery"},"brands":[],"_links":{"self":[{"href":"https:\/\/www.agronetbrewing.com\/fr\/wp-json\/wp\/v2\/product\/23992","targetHints":{"allow":["GET"]}}],"collection":[{"href":"https:\/\/www.agronetbrewing.com\/fr\/wp-json\/wp\/v2\/product"}],"about":[{"href":"https:\/\/www.agronetbrewing.com\/fr\/wp-json\/wp\/v2\/types\/product"}],"version-history":[{"count":1,"href":"https:\/\/www.agronetbrewing.com\/fr\/wp-json\/wp\/v2\/product\/23992\/revisions"}],"predecessor-version":[{"id":23994,"href":"https:\/\/www.agronetbrewing.com\/fr\/wp-json\/wp\/v2\/product\/23992\/revisions\/23994"}],"wp:featuredmedia":[{"embeddable":true,"href":"https:\/\/www.agronetbrewing.com\/fr\/wp-json\/wp\/v2\/media\/23991"}],"wp:attachment":[{"href":"https:\/\/www.agronetbrewing.com\/fr\/wp-json\/wp\/v2\/media?parent=23992"}],"wp:term":[{"taxonomy":"pwb-brand","embeddable":true,"href":"https:\/\/www.agronetbrewing.com\/fr\/wp-json\/wp\/v2\/pwb-brand?post=23992"},{"taxonomy":"product_brand","embeddable":true,"href":"https:\/\/www.agronetbrewing.com\/fr\/wp-json\/wp\/v2\/product_brand?post=23992"},{"taxonomy":"product_cat","embeddable":true,"href":"https:\/\/www.agronetbrewing.com\/fr\/wp-json\/wp\/v2\/product_cat?post=23992"},{"taxonomy":"product_tag","embeddable":true,"href":"https:\/\/www.agronetbrewing.com\/fr\/wp-json\/wp\/v2\/product_tag?post=23992"}],"curies":[{"name":"wp","href":"https:\/\/api.w.org\/{rel}","templated":true}]}}