{"id":24154,"date":"2024-11-26T12:54:50","date_gmt":"2024-11-26T11:54:50","guid":{"rendered":"https:\/\/www.agronetbrewing.com\/productos\/non class\u00e9\/lalbrew-pomona\/"},"modified":"2024-11-26T12:54:50","modified_gmt":"2024-11-26T11:54:50","slug":"lalbrew-pomona","status":"publish","type":"product","link":"https:\/\/www.agronetbrewing.com\/fr\/productos\/levure-et-bacteries\/lallemand-fr\/premium-series-fr\/lalbrew-pomona\/","title":{"rendered":"LalBrew Pomona\u2122"},"content":{"rendered":"","protected":false},"excerpt":{"rendered":"<p>LalBrew Pomona\u2122 est une levure hybride s\u00e9lectionn\u00e9e pour sa saveur et ses performances de fermentation dans les bi\u00e8res houblonn\u00e9es. Nomm\u00e9e d&rsquo;apr\u00e8s la d\u00e9esse des arbres fruitiers, LalBrew Pomona\u2122 produit un profil aromatique unique et juteux avec des notes de p\u00eache, d&rsquo;agrumes et de fruits tropicaux. Cette souche a \u00e9t\u00e9 d\u00e9velopp\u00e9e par notre partenaire <a href=\"https:\/\/escarpmentlabs.com\/\">Escarpment Laboratories<\/a> (Canada) en utilisant des m\u00e9thodes d&rsquo;\u00e9levage de levures et d&rsquo;\u00e9volution adaptative dans des fermentations IPA tr\u00e8s alcoolis\u00e9es et fortement houblonn\u00e9es. Le r\u00e9sultat est une souche fruit\u00e9e, r\u00e9sistante au stress et robuste qui favorise la biotransformation et la turbidit\u00e9 dans les styles IPA modernes.<\/p>\n","protected":false},"featured_media":0,"template":"","meta":[],"pwb-brand":[1011],"product_brand":[],"product_cat":[189],"product_tag":[],"class_list":{"0":"post-24154","1":"product","2":"type-product","3":"status-publish","5":"pwb-brand-lallemand_brewing","6":"product_cat-premium-series-fr","8":"first","9":"instock","10":"taxable","11":"shipping-taxable","12":"product-type-simple","13":"customify-col"},"brands":[{"id":1011,"name":"LALLEMAND BREWING","slug":"lallemand_brewing"}],"_links":{"self":[{"href":"https:\/\/www.agronetbrewing.com\/fr\/wp-json\/wp\/v2\/product\/24154","targetHints":{"allow":["GET"]}}],"collection":[{"href":"https:\/\/www.agronetbrewing.com\/fr\/wp-json\/wp\/v2\/product"}],"about":[{"href":"https:\/\/www.agronetbrewing.com\/fr\/wp-json\/wp\/v2\/types\/product"}],"version-history":[{"count":0,"href":"https:\/\/www.agronetbrewing.com\/fr\/wp-json\/wp\/v2\/product\/24154\/revisions"}],"wp:attachment":[{"href":"https:\/\/www.agronetbrewing.com\/fr\/wp-json\/wp\/v2\/media?parent=24154"}],"wp:term":[{"taxonomy":"pwb-brand","embeddable":true,"href":"https:\/\/www.agronetbrewing.com\/fr\/wp-json\/wp\/v2\/pwb-brand?post=24154"},{"taxonomy":"product_brand","embeddable":true,"href":"https:\/\/www.agronetbrewing.com\/fr\/wp-json\/wp\/v2\/product_brand?post=24154"},{"taxonomy":"product_cat","embeddable":true,"href":"https:\/\/www.agronetbrewing.com\/fr\/wp-json\/wp\/v2\/product_cat?post=24154"},{"taxonomy":"product_tag","embeddable":true,"href":"https:\/\/www.agronetbrewing.com\/fr\/wp-json\/wp\/v2\/product_tag?post=24154"}],"curies":[{"name":"wp","href":"https:\/\/api.w.org\/{rel}","templated":true}]}}