{"id":24244,"date":"2025-03-04T09:35:57","date_gmt":"2025-03-04T08:35:57","guid":{"rendered":"https:\/\/www.agronetbrewing.com\/productos\/non%20class\u00e9\/glucanase\/"},"modified":"2025-03-04T09:41:23","modified_gmt":"2025-03-04T08:41:23","slug":"glucanase","status":"publish","type":"product","link":"https:\/\/www.agronetbrewing.com\/fr\/productos\/additifs\/enzymes\/glucanase\/","title":{"rendered":"GLUCANASE"},"content":{"rendered":"","protected":false},"excerpt":{"rendered":"<p>La GLUCANASE peut \u00eatre utilis\u00e9e pour am\u00e9liorer la filtration de n&rsquo;importe quel mo\u00fbt de c\u00e9r\u00e9ales ou pour am\u00e9liorer la modification de n&rsquo;importe quelle orge de brasserie.<\/p>\n","protected":false},"featured_media":24240,"template":"","meta":[],"pwb-brand":[1066],"product_brand":[],"product_cat":[157],"product_tag":[],"class_list":{"0":"post-24244","1":"product","2":"type-product","3":"status-publish","4":"has-post-thumbnail","6":"pwb-brand-murphy-and-son","7":"product_cat-enzymes","9":"first","10":"instock","11":"taxable","12":"shipping-taxable","13":"product-type-variable","14":"has-default-attributes","15":"customify-col"},"brands":[{"id":1066,"name":"Murphy &amp; Son","slug":"murphy-and-son"}],"_links":{"self":[{"href":"https:\/\/www.agronetbrewing.com\/fr\/wp-json\/wp\/v2\/product\/24244","targetHints":{"allow":["GET"]}}],"collection":[{"href":"https:\/\/www.agronetbrewing.com\/fr\/wp-json\/wp\/v2\/product"}],"about":[{"href":"https:\/\/www.agronetbrewing.com\/fr\/wp-json\/wp\/v2\/types\/product"}],"version-history":[{"count":1,"href":"https:\/\/www.agronetbrewing.com\/fr\/wp-json\/wp\/v2\/product\/24244\/revisions"}],"predecessor-version":[{"id":24247,"href":"https:\/\/www.agronetbrewing.com\/fr\/wp-json\/wp\/v2\/product\/24244\/revisions\/24247"}],"wp:featuredmedia":[{"embeddable":true,"href":"https:\/\/www.agronetbrewing.com\/fr\/wp-json\/wp\/v2\/media\/24240"}],"wp:attachment":[{"href":"https:\/\/www.agronetbrewing.com\/fr\/wp-json\/wp\/v2\/media?parent=24244"}],"wp:term":[{"taxonomy":"pwb-brand","embeddable":true,"href":"https:\/\/www.agronetbrewing.com\/fr\/wp-json\/wp\/v2\/pwb-brand?post=24244"},{"taxonomy":"product_brand","embeddable":true,"href":"https:\/\/www.agronetbrewing.com\/fr\/wp-json\/wp\/v2\/product_brand?post=24244"},{"taxonomy":"product_cat","embeddable":true,"href":"https:\/\/www.agronetbrewing.com\/fr\/wp-json\/wp\/v2\/product_cat?post=24244"},{"taxonomy":"product_tag","embeddable":true,"href":"https:\/\/www.agronetbrewing.com\/fr\/wp-json\/wp\/v2\/product_tag?post=24244"}],"curies":[{"name":"wp","href":"https:\/\/api.w.org\/{rel}","templated":true}]}}