{"id":8037,"date":"2019-07-30T11:02:06","date_gmt":"2019-08-29T07:52:03","guid":{"rendered":"https:\/\/cerveceroscaseros.com\/producto\/densimetre-de-precision-1090-1120"},"modified":"2019-09-18T08:19:30","modified_gmt":"2019-09-18T08:19:30","slug":"densimetro-de-precision-1090-1120","status":"publish","type":"product","link":"https:\/\/www.agronetbrewing.com\/fr\/productos\/instruments-de-mesure\/hydrometres\/densimetro-de-precision-1090-1120\/","title":{"rendered":"Densim\u00e8tre de pr\u00e9cision 1090-1120"},"content":{"rendered":"","protected":false},"excerpt":{"rendered":"<p>Dipl\u00f4m\u00e9 en gravit\u00e9 sp\u00e9cifique grades 20\/20oC.<br \/>\nAjust\u00e9 pour une utilisation \u00e0 20oC et une tension de surface de 45mn\/m.<br \/>\nCalibr\u00e9 pour lire sur la surface horizontale du liquide.<br \/>\nChaque densim\u00e8tre a un num\u00e9ro unique et certifi\u00e9 pour les normes de tra\u00e7abilit\u00e9.<\/p>\n","protected":false},"featured_media":6171,"template":"","meta":[],"pwb-brand":[],"product_brand":[],"product_cat":[146],"product_tag":[],"class_list":{"0":"post-8037","1":"product","2":"type-product","3":"status-publish","4":"has-post-thumbnail","6":"product_cat-hydrometres","8":"first","9":"instock","10":"taxable","11":"shipping-taxable","12":"product-type-simple","13":"customify-col"},"brands":[],"_links":{"self":[{"href":"https:\/\/www.agronetbrewing.com\/fr\/wp-json\/wp\/v2\/product\/8037","targetHints":{"allow":["GET"]}}],"collection":[{"href":"https:\/\/www.agronetbrewing.com\/fr\/wp-json\/wp\/v2\/product"}],"about":[{"href":"https:\/\/www.agronetbrewing.com\/fr\/wp-json\/wp\/v2\/types\/product"}],"version-history":[{"count":0,"href":"https:\/\/www.agronetbrewing.com\/fr\/wp-json\/wp\/v2\/product\/8037\/revisions"}],"wp:featuredmedia":[{"embeddable":true,"href":"https:\/\/www.agronetbrewing.com\/fr\/wp-json\/wp\/v2\/media\/6171"}],"wp:attachment":[{"href":"https:\/\/www.agronetbrewing.com\/fr\/wp-json\/wp\/v2\/media?parent=8037"}],"wp:term":[{"taxonomy":"pwb-brand","embeddable":true,"href":"https:\/\/www.agronetbrewing.com\/fr\/wp-json\/wp\/v2\/pwb-brand?post=8037"},{"taxonomy":"product_brand","embeddable":true,"href":"https:\/\/www.agronetbrewing.com\/fr\/wp-json\/wp\/v2\/product_brand?post=8037"},{"taxonomy":"product_cat","embeddable":true,"href":"https:\/\/www.agronetbrewing.com\/fr\/wp-json\/wp\/v2\/product_cat?post=8037"},{"taxonomy":"product_tag","embeddable":true,"href":"https:\/\/www.agronetbrewing.com\/fr\/wp-json\/wp\/v2\/product_tag?post=8037"}],"curies":[{"name":"wp","href":"https:\/\/api.w.org\/{rel}","templated":true}]}}