{"id":8046,"date":"2019-07-30T10:51:58","date_gmt":"2019-08-29T07:57:33","guid":{"rendered":"https:\/\/cerveceroscaseros.com\/producto\/electrodes-de-nettoyage-de-solution-pour-des-utilisations-generales"},"modified":"2020-03-17T11:28:02","modified_gmt":"2020-03-17T11:28:02","slug":"solution-nettoyage-electrodes-pour-utilisations-generales","status":"publish","type":"product","link":"https:\/\/www.agronetbrewing.com\/fr\/productos\/instruments-de-mesure\/ph-conductivite-et-deceled-oxygene\/solution-nettoyage-electrodes-pour-utilisations-generales\/","title":{"rendered":"\u00c9lectrodes de nettoyage de solution pour des utilisations g\u00e9n\u00e9rales"},"content":{"rendered":"","protected":false},"excerpt":{"rendered":"<p>HI7061M est une solution de nettoyage \u00e0 usage g\u00e9n\u00e9ral qui peut \u00eatre utilis\u00e9e pour une vari\u00e9t\u00e9 d&rsquo;applications. Les \u00e9lectrodes se salir par l&rsquo;utilisation et produiront des r\u00e9sultats inexacts, m\u00eame si elles sont lues correctement dans un tampon de pH. Les solutions de nettoyage HANNA \u00e9liminent les impuret\u00e9s et les r\u00e9sidus laiss\u00e9s sur les surfaces d&rsquo;\u00e9lectrodes lorsqu&rsquo;ils sont immerg\u00e9s dans des \u00e9chantillons pendant la mesure ou lorsqu&rsquo;ils sont mal entrepos\u00e9s.<\/p>\n","protected":false},"featured_media":7173,"template":"","meta":[],"pwb-brand":[],"product_brand":[],"product_cat":[147],"product_tag":[],"class_list":{"0":"post-8046","1":"product","2":"type-product","3":"status-publish","4":"has-post-thumbnail","6":"product_cat-ph-conductivite-et-deceled-oxygene","8":"first","9":"instock","10":"taxable","11":"shipping-taxable","12":"product-type-variable","13":"has-default-attributes","14":"customify-col"},"brands":[],"_links":{"self":[{"href":"https:\/\/www.agronetbrewing.com\/fr\/wp-json\/wp\/v2\/product\/8046","targetHints":{"allow":["GET"]}}],"collection":[{"href":"https:\/\/www.agronetbrewing.com\/fr\/wp-json\/wp\/v2\/product"}],"about":[{"href":"https:\/\/www.agronetbrewing.com\/fr\/wp-json\/wp\/v2\/types\/product"}],"version-history":[{"count":0,"href":"https:\/\/www.agronetbrewing.com\/fr\/wp-json\/wp\/v2\/product\/8046\/revisions"}],"wp:featuredmedia":[{"embeddable":true,"href":"https:\/\/www.agronetbrewing.com\/fr\/wp-json\/wp\/v2\/media\/7173"}],"wp:attachment":[{"href":"https:\/\/www.agronetbrewing.com\/fr\/wp-json\/wp\/v2\/media?parent=8046"}],"wp:term":[{"taxonomy":"pwb-brand","embeddable":true,"href":"https:\/\/www.agronetbrewing.com\/fr\/wp-json\/wp\/v2\/pwb-brand?post=8046"},{"taxonomy":"product_brand","embeddable":true,"href":"https:\/\/www.agronetbrewing.com\/fr\/wp-json\/wp\/v2\/product_brand?post=8046"},{"taxonomy":"product_cat","embeddable":true,"href":"https:\/\/www.agronetbrewing.com\/fr\/wp-json\/wp\/v2\/product_cat?post=8046"},{"taxonomy":"product_tag","embeddable":true,"href":"https:\/\/www.agronetbrewing.com\/fr\/wp-json\/wp\/v2\/product_tag?post=8046"}],"curies":[{"name":"wp","href":"https:\/\/api.w.org\/{rel}","templated":true}]}}