{"id":8047,"date":"2019-07-30T10:37:11","date_gmt":"2019-08-29T07:58:05","guid":{"rendered":"https:\/\/cerveceroscaseros.com\/producto\/solution-tampon-ph-7-01"},"modified":"2020-03-17T11:36:08","modified_gmt":"2020-03-17T11:36:08","slug":"solution-tampon-ph-701","status":"publish","type":"product","link":"https:\/\/www.agronetbrewing.com\/fr\/productos\/instruments-de-mesure\/ph-conductivite-et-deceled-oxygene\/solution-tampon-ph-701\/","title":{"rendered":"Solution tampon pH 7.01"},"content":{"rendered":"","protected":false},"excerpt":{"rendered":"<p>Avec le num\u00e9ro de lot et la date d&rsquo;expiration clairement indiqu\u00e9sur l&rsquo;\u00e9tiquette et un joint herm\u00e9tique inviolable pour assurer la qualit\u00e9 de la solution, la gamme de hanna de solutions d&rsquo;\u00e9talonnage pH est un moyen facile d&rsquo;obtenir une grande mesures du pH en tout temps.<\/p>\n<ul>\n<li>Solution de calibration pH 7.01<\/li>\n<li>Pr\u00e9cision de 25oC de 0,01 pH<\/li>\n<li>\u00c9tanch\u00e9it\u00e9 avec un joint inviolable pour assurer la qualit\u00e9 de la solution.<\/li>\n<li>Formul\u00e9 pour avoir une expiration de 5 ans \u00e0 partir de la date de fabrication d&rsquo;une bouteille non ouverte.<\/li>\n<\/ul>\n","protected":false},"featured_media":6021,"template":"","meta":[],"pwb-brand":[],"product_brand":[],"product_cat":[147],"product_tag":[],"class_list":{"0":"post-8047","1":"product","2":"type-product","3":"status-publish","4":"has-post-thumbnail","6":"product_cat-ph-conductivite-et-deceled-oxygene","8":"first","9":"instock","10":"taxable","11":"shipping-taxable","12":"product-type-variable","13":"has-default-attributes","14":"customify-col"},"brands":[],"_links":{"self":[{"href":"https:\/\/www.agronetbrewing.com\/fr\/wp-json\/wp\/v2\/product\/8047","targetHints":{"allow":["GET"]}}],"collection":[{"href":"https:\/\/www.agronetbrewing.com\/fr\/wp-json\/wp\/v2\/product"}],"about":[{"href":"https:\/\/www.agronetbrewing.com\/fr\/wp-json\/wp\/v2\/types\/product"}],"version-history":[{"count":0,"href":"https:\/\/www.agronetbrewing.com\/fr\/wp-json\/wp\/v2\/product\/8047\/revisions"}],"wp:featuredmedia":[{"embeddable":true,"href":"https:\/\/www.agronetbrewing.com\/fr\/wp-json\/wp\/v2\/media\/6021"}],"wp:attachment":[{"href":"https:\/\/www.agronetbrewing.com\/fr\/wp-json\/wp\/v2\/media?parent=8047"}],"wp:term":[{"taxonomy":"pwb-brand","embeddable":true,"href":"https:\/\/www.agronetbrewing.com\/fr\/wp-json\/wp\/v2\/pwb-brand?post=8047"},{"taxonomy":"product_brand","embeddable":true,"href":"https:\/\/www.agronetbrewing.com\/fr\/wp-json\/wp\/v2\/product_brand?post=8047"},{"taxonomy":"product_cat","embeddable":true,"href":"https:\/\/www.agronetbrewing.com\/fr\/wp-json\/wp\/v2\/product_cat?post=8047"},{"taxonomy":"product_tag","embeddable":true,"href":"https:\/\/www.agronetbrewing.com\/fr\/wp-json\/wp\/v2\/product_tag?post=8047"}],"curies":[{"name":"wp","href":"https:\/\/api.w.org\/{rel}","templated":true}]}}