{"id":8048,"date":"2019-07-30T10:35:25","date_gmt":"2019-08-29T07:58:34","guid":{"rendered":"https:\/\/cerveceroscaseros.com\/producto\/solution-tampon-ph-4-01"},"modified":"2020-03-17T11:32:17","modified_gmt":"2020-03-17T11:32:17","slug":"solution-tampon-ph-401","status":"publish","type":"product","link":"https:\/\/www.agronetbrewing.com\/fr\/productos\/instruments-de-mesure\/ph-conductivite-et-deceled-oxygene\/solution-tampon-ph-401\/","title":{"rendered":"Solution tampon pH 4.01"},"content":{"rendered":"","protected":false},"excerpt":{"rendered":"<p>Une des solutions tampons les plus largement utilis\u00e9es, il est extr\u00eamement stable et repr\u00e9sente le point interm\u00e9diaire dans la gamme d&rsquo;acide de l&rsquo;\u00e9chelle de pH, id\u00e9al pour ceux qui n\u00e9cessitent une lecture acide pr\u00e9cise, en particulier ceux o\u00f9 le pH est cens\u00e9 \u00eatre acide.<\/p>\n","protected":false},"featured_media":7155,"template":"","meta":[],"pwb-brand":[],"product_brand":[],"product_cat":[147],"product_tag":[],"class_list":{"0":"post-8048","1":"product","2":"type-product","3":"status-publish","4":"has-post-thumbnail","6":"product_cat-ph-conductivite-et-deceled-oxygene","8":"first","9":"instock","10":"taxable","11":"shipping-taxable","12":"product-type-variable","13":"has-default-attributes","14":"customify-col"},"brands":[],"_links":{"self":[{"href":"https:\/\/www.agronetbrewing.com\/fr\/wp-json\/wp\/v2\/product\/8048","targetHints":{"allow":["GET"]}}],"collection":[{"href":"https:\/\/www.agronetbrewing.com\/fr\/wp-json\/wp\/v2\/product"}],"about":[{"href":"https:\/\/www.agronetbrewing.com\/fr\/wp-json\/wp\/v2\/types\/product"}],"version-history":[{"count":0,"href":"https:\/\/www.agronetbrewing.com\/fr\/wp-json\/wp\/v2\/product\/8048\/revisions"}],"wp:featuredmedia":[{"embeddable":true,"href":"https:\/\/www.agronetbrewing.com\/fr\/wp-json\/wp\/v2\/media\/7155"}],"wp:attachment":[{"href":"https:\/\/www.agronetbrewing.com\/fr\/wp-json\/wp\/v2\/media?parent=8048"}],"wp:term":[{"taxonomy":"pwb-brand","embeddable":true,"href":"https:\/\/www.agronetbrewing.com\/fr\/wp-json\/wp\/v2\/pwb-brand?post=8048"},{"taxonomy":"product_brand","embeddable":true,"href":"https:\/\/www.agronetbrewing.com\/fr\/wp-json\/wp\/v2\/product_brand?post=8048"},{"taxonomy":"product_cat","embeddable":true,"href":"https:\/\/www.agronetbrewing.com\/fr\/wp-json\/wp\/v2\/product_cat?post=8048"},{"taxonomy":"product_tag","embeddable":true,"href":"https:\/\/www.agronetbrewing.com\/fr\/wp-json\/wp\/v2\/product_tag?post=8048"}],"curies":[{"name":"wp","href":"https:\/\/api.w.org\/{rel}","templated":true}]}}