{"id":8049,"date":"2019-07-30T09:40:48","date_gmt":"2019-08-29T07:59:25","guid":{"rendered":"https:\/\/cerveceroscaseros.com\/producto\/tch-deptal"},"modified":"2020-03-11T09:22:49","modified_gmt":"2020-03-11T09:22:49","slug":"deptal-tch","status":"publish","type":"product","link":"https:\/\/www.agronetbrewing.com\/fr\/productos\/nettoyage\/detergents-et-desinfectants\/detergents-alkali\/deptal-tch\/","title":{"rendered":"TCH Deptal"},"content":{"rendered":"","protected":false},"excerpt":{"rendered":"<p>Nettoyage des circuits et circuits thermiques de l&rsquo;industrie agroalimentaire et des boissons. <strong>TCH DE DEPTAL<\/strong> Il a une grande puissance de p\u00e9n\u00e9tration, \u00e9tant particuli\u00e8rement utile pour la salet\u00e9 organique.<\/p>\n<ul>\n<li>D\u00e9tersif.<\/li>\n<li>D\u00e9graissant.<\/li>\n<li>Pasmoussant<em>.<br \/>\n<\/em><\/li>\n<li>Tr\u00e8s enl\u00e8vement.<\/li>\n<li>Emp\u00eache l&rsquo;int\u00e9gration.<\/li>\n<li>Hydratant.<\/li>\n<li>Mesurable pour la conductivit\u00e9.<\/li>\n<li>Nettoyage des bouteilles pour l&rsquo;industrie des boissons.<\/li>\n<\/ul>\n","protected":false},"featured_media":7152,"template":"","meta":[],"pwb-brand":[],"product_brand":[],"product_cat":[148],"product_tag":[],"class_list":{"0":"post-8049","1":"product","2":"type-product","3":"status-publish","4":"has-post-thumbnail","6":"product_cat-detergents-alkali","8":"first","9":"instock","10":"taxable","11":"shipping-taxable","12":"product-type-variable","13":"customify-col","14":"product-has-gallery"},"brands":[],"_links":{"self":[{"href":"https:\/\/www.agronetbrewing.com\/fr\/wp-json\/wp\/v2\/product\/8049","targetHints":{"allow":["GET"]}}],"collection":[{"href":"https:\/\/www.agronetbrewing.com\/fr\/wp-json\/wp\/v2\/product"}],"about":[{"href":"https:\/\/www.agronetbrewing.com\/fr\/wp-json\/wp\/v2\/types\/product"}],"version-history":[{"count":0,"href":"https:\/\/www.agronetbrewing.com\/fr\/wp-json\/wp\/v2\/product\/8049\/revisions"}],"wp:featuredmedia":[{"embeddable":true,"href":"https:\/\/www.agronetbrewing.com\/fr\/wp-json\/wp\/v2\/media\/7152"}],"wp:attachment":[{"href":"https:\/\/www.agronetbrewing.com\/fr\/wp-json\/wp\/v2\/media?parent=8049"}],"wp:term":[{"taxonomy":"pwb-brand","embeddable":true,"href":"https:\/\/www.agronetbrewing.com\/fr\/wp-json\/wp\/v2\/pwb-brand?post=8049"},{"taxonomy":"product_brand","embeddable":true,"href":"https:\/\/www.agronetbrewing.com\/fr\/wp-json\/wp\/v2\/product_brand?post=8049"},{"taxonomy":"product_cat","embeddable":true,"href":"https:\/\/www.agronetbrewing.com\/fr\/wp-json\/wp\/v2\/product_cat?post=8049"},{"taxonomy":"product_tag","embeddable":true,"href":"https:\/\/www.agronetbrewing.com\/fr\/wp-json\/wp\/v2\/product_tag?post=8049"}],"curies":[{"name":"wp","href":"https:\/\/api.w.org\/{rel}","templated":true}]}}