{"id":8050,"date":"2019-07-29T11:37:34","date_gmt":"2019-08-29T07:59:43","guid":{"rendered":"https:\/\/cerveceroscaseros.com\/producto\/dextrose"},"modified":"2025-02-11T16:42:17","modified_gmt":"2025-02-11T15:42:17","slug":"dextrose","status":"publish","type":"product","link":"https:\/\/www.agronetbrewing.com\/fr\/productos\/additifs\/sucres\/dextrose\/","title":{"rendered":"Dextrose"},"content":{"rendered":"","protected":false},"excerpt":{"rendered":"<p>Aussi connu sous le nom de sucre de ma\u00efs. Il est utilis\u00e9 pour \u00e9lever l&rsquo;alcool \u00e0 la bi\u00e8re et pour amor\u00e7age de la bouteille dans l&#8217;embouteillage.<\/p>\n","protected":false},"featured_media":23960,"template":"","meta":[],"pwb-brand":[],"product_brand":[],"product_cat":[149],"product_tag":[],"class_list":{"0":"post-8050","1":"product","2":"type-product","3":"status-publish","4":"has-post-thumbnail","6":"product_cat-sucres","8":"first","9":"instock","10":"taxable","11":"shipping-taxable","12":"product-type-variable","13":"has-default-attributes","14":"customify-col"},"brands":[],"_links":{"self":[{"href":"https:\/\/www.agronetbrewing.com\/fr\/wp-json\/wp\/v2\/product\/8050","targetHints":{"allow":["GET"]}}],"collection":[{"href":"https:\/\/www.agronetbrewing.com\/fr\/wp-json\/wp\/v2\/product"}],"about":[{"href":"https:\/\/www.agronetbrewing.com\/fr\/wp-json\/wp\/v2\/types\/product"}],"version-history":[{"count":2,"href":"https:\/\/www.agronetbrewing.com\/fr\/wp-json\/wp\/v2\/product\/8050\/revisions"}],"predecessor-version":[{"id":23962,"href":"https:\/\/www.agronetbrewing.com\/fr\/wp-json\/wp\/v2\/product\/8050\/revisions\/23962"}],"wp:featuredmedia":[{"embeddable":true,"href":"https:\/\/www.agronetbrewing.com\/fr\/wp-json\/wp\/v2\/media\/23960"}],"wp:attachment":[{"href":"https:\/\/www.agronetbrewing.com\/fr\/wp-json\/wp\/v2\/media?parent=8050"}],"wp:term":[{"taxonomy":"pwb-brand","embeddable":true,"href":"https:\/\/www.agronetbrewing.com\/fr\/wp-json\/wp\/v2\/pwb-brand?post=8050"},{"taxonomy":"product_brand","embeddable":true,"href":"https:\/\/www.agronetbrewing.com\/fr\/wp-json\/wp\/v2\/product_brand?post=8050"},{"taxonomy":"product_cat","embeddable":true,"href":"https:\/\/www.agronetbrewing.com\/fr\/wp-json\/wp\/v2\/product_cat?post=8050"},{"taxonomy":"product_tag","embeddable":true,"href":"https:\/\/www.agronetbrewing.com\/fr\/wp-json\/wp\/v2\/product_tag?post=8050"}],"curies":[{"name":"wp","href":"https:\/\/api.w.org\/{rel}","templated":true}]}}