{"id":8051,"date":"2019-07-29T11:18:44","date_gmt":"2019-08-29T07:59:52","guid":{"rendered":"https:\/\/cerveceroscaseros.com\/producto\/sucre-candy-dark"},"modified":"2025-02-13T09:11:59","modified_gmt":"2025-02-13T08:11:59","slug":"sucre-bonbon-obscurite","status":"publish","type":"product","link":"https:\/\/www.agronetbrewing.com\/fr\/productos\/additifs\/sucres\/sucre-bonbon-obscurite\/","title":{"rendered":"Sucre Candy Fonc\u00e9"},"content":{"rendered":"","protected":false},"excerpt":{"rendered":"<p>Le sucre de bonbon est l&rsquo;un des ingr\u00e9dients typiques des bi\u00e8res belges. Il est obtenu \u00e0 partir de grands blocs de whipand et donne une saveur particuli\u00e8re \u00e0 la bi\u00e8re, en plus de favoriser sa carbonatation et d&rsquo;\u00e9lever son dipl\u00f4me. Il est \u00e9galement utilis\u00e9 dans la vinification et les p\u00e2tisseries. Il doit \u00eatre dissous \u00e0 chaud, un sirop peut \u00eatre fait avant d&rsquo;\u00eatre ajout\u00e9 \u00e0 la bi\u00e8re ou au vin. La modalit\u00e9 de sucre de sucre fonc\u00e9, aussi bien que la saveur, ajoute \u00e9galement la couleur \u00e0 la bi\u00e8re.<\/p>\n","protected":false},"featured_media":7116,"template":"","meta":[],"pwb-brand":[],"product_brand":[],"product_cat":[149],"product_tag":[],"class_list":{"0":"post-8051","1":"product","2":"type-product","3":"status-publish","4":"has-post-thumbnail","6":"product_cat-sucres","8":"first","9":"instock","10":"taxable","11":"shipping-taxable","12":"product-type-variable","13":"has-default-attributes","14":"customify-col","15":"product-has-gallery"},"brands":[],"_links":{"self":[{"href":"https:\/\/www.agronetbrewing.com\/fr\/wp-json\/wp\/v2\/product\/8051","targetHints":{"allow":["GET"]}}],"collection":[{"href":"https:\/\/www.agronetbrewing.com\/fr\/wp-json\/wp\/v2\/product"}],"about":[{"href":"https:\/\/www.agronetbrewing.com\/fr\/wp-json\/wp\/v2\/types\/product"}],"version-history":[{"count":1,"href":"https:\/\/www.agronetbrewing.com\/fr\/wp-json\/wp\/v2\/product\/8051\/revisions"}],"predecessor-version":[{"id":24150,"href":"https:\/\/www.agronetbrewing.com\/fr\/wp-json\/wp\/v2\/product\/8051\/revisions\/24150"}],"wp:featuredmedia":[{"embeddable":true,"href":"https:\/\/www.agronetbrewing.com\/fr\/wp-json\/wp\/v2\/media\/7116"}],"wp:attachment":[{"href":"https:\/\/www.agronetbrewing.com\/fr\/wp-json\/wp\/v2\/media?parent=8051"}],"wp:term":[{"taxonomy":"pwb-brand","embeddable":true,"href":"https:\/\/www.agronetbrewing.com\/fr\/wp-json\/wp\/v2\/pwb-brand?post=8051"},{"taxonomy":"product_brand","embeddable":true,"href":"https:\/\/www.agronetbrewing.com\/fr\/wp-json\/wp\/v2\/product_brand?post=8051"},{"taxonomy":"product_cat","embeddable":true,"href":"https:\/\/www.agronetbrewing.com\/fr\/wp-json\/wp\/v2\/product_cat?post=8051"},{"taxonomy":"product_tag","embeddable":true,"href":"https:\/\/www.agronetbrewing.com\/fr\/wp-json\/wp\/v2\/product_tag?post=8051"}],"curies":[{"name":"wp","href":"https:\/\/api.w.org\/{rel}","templated":true}]}}