{"id":8062,"date":"2019-07-29T08:01:26","date_gmt":"2019-08-29T08:15:17","guid":{"rendered":"https:\/\/cerveceroscaseros.com\/producto\/palissade"},"modified":"2020-03-10T08:30:30","modified_gmt":"2020-03-10T08:30:30","slug":"palissade-2","status":"publish","type":"product","link":"https:\/\/www.agronetbrewing.com\/fr\/productos\/houblons\/cryo-hops-fr\/palissade-2\/","title":{"rendered":"Palissade"},"content":{"rendered":"","protected":false},"excerpt":{"rendered":"<p>Le houblon Palisade a un ar\u00f4me souvent d\u00e9crit comme fruit\u00e9, herbac\u00e9 et floral.<\/p>\n<p><strong>Profil d&rsquo;ar\u00f4me :<\/strong> Abricot, Herbe, Floral.<\/p>\n","protected":false},"featured_media":6546,"template":"","meta":[],"pwb-brand":[],"product_brand":[],"product_cat":[151],"product_tag":[],"class_list":{"0":"post-8062","1":"product","2":"type-product","3":"status-publish","4":"has-post-thumbnail","6":"product_cat-cryo-hops-fr","8":"first","9":"instock","10":"taxable","11":"shipping-taxable","12":"product-type-variable","13":"has-default-attributes","14":"customify-col","15":"product-has-gallery"},"brands":[],"_links":{"self":[{"href":"https:\/\/www.agronetbrewing.com\/fr\/wp-json\/wp\/v2\/product\/8062","targetHints":{"allow":["GET"]}}],"collection":[{"href":"https:\/\/www.agronetbrewing.com\/fr\/wp-json\/wp\/v2\/product"}],"about":[{"href":"https:\/\/www.agronetbrewing.com\/fr\/wp-json\/wp\/v2\/types\/product"}],"version-history":[{"count":0,"href":"https:\/\/www.agronetbrewing.com\/fr\/wp-json\/wp\/v2\/product\/8062\/revisions"}],"wp:featuredmedia":[{"embeddable":true,"href":"https:\/\/www.agronetbrewing.com\/fr\/wp-json\/wp\/v2\/media\/6546"}],"wp:attachment":[{"href":"https:\/\/www.agronetbrewing.com\/fr\/wp-json\/wp\/v2\/media?parent=8062"}],"wp:term":[{"taxonomy":"pwb-brand","embeddable":true,"href":"https:\/\/www.agronetbrewing.com\/fr\/wp-json\/wp\/v2\/pwb-brand?post=8062"},{"taxonomy":"product_brand","embeddable":true,"href":"https:\/\/www.agronetbrewing.com\/fr\/wp-json\/wp\/v2\/product_brand?post=8062"},{"taxonomy":"product_cat","embeddable":true,"href":"https:\/\/www.agronetbrewing.com\/fr\/wp-json\/wp\/v2\/product_cat?post=8062"},{"taxonomy":"product_tag","embeddable":true,"href":"https:\/\/www.agronetbrewing.com\/fr\/wp-json\/wp\/v2\/product_tag?post=8062"}],"curies":[{"name":"wp","href":"https:\/\/api.w.org\/{rel}","templated":true}]}}