{"id":8064,"date":"2019-07-29T07:38:56","date_gmt":"2019-08-29T08:19:22","guid":{"rendered":"https:\/\/cerveceroscaseros.com\/producto\/cashmere"},"modified":"2020-03-10T08:35:22","modified_gmt":"2020-03-10T08:35:22","slug":"cashmere-2","status":"publish","type":"product","link":"https:\/\/www.agronetbrewing.com\/fr\/productos\/houblons\/cryo-hops-fr\/cashmere-2\/","title":{"rendered":"Cashmere"},"content":{"rendered":"","protected":false},"excerpt":{"rendered":"<p>Bon houblon \u00e0 double usage, le cachemire pr\u00e9sente des saveurs de citron, de lime et de melon, pr\u00e9sente une douce amertume et est l\u00e9g\u00e8rement aromatique avec un bouquet subtil d&rsquo;herbes.<\/p>\n<p><strong>Profil d&rsquo;ar\u00f4me :<\/strong> Melon, Citron, Lime, \u00c9pic\u00e9.<\/p>\n","protected":false},"featured_media":6546,"template":"","meta":[],"pwb-brand":[],"product_brand":[],"product_cat":[151],"product_tag":[],"class_list":{"0":"post-8064","1":"product","2":"type-product","3":"status-publish","4":"has-post-thumbnail","6":"product_cat-cryo-hops-fr","8":"first","9":"instock","10":"taxable","11":"shipping-taxable","12":"product-type-variable","13":"has-default-attributes","14":"customify-col","15":"product-has-gallery"},"brands":[],"_links":{"self":[{"href":"https:\/\/www.agronetbrewing.com\/fr\/wp-json\/wp\/v2\/product\/8064","targetHints":{"allow":["GET"]}}],"collection":[{"href":"https:\/\/www.agronetbrewing.com\/fr\/wp-json\/wp\/v2\/product"}],"about":[{"href":"https:\/\/www.agronetbrewing.com\/fr\/wp-json\/wp\/v2\/types\/product"}],"version-history":[{"count":0,"href":"https:\/\/www.agronetbrewing.com\/fr\/wp-json\/wp\/v2\/product\/8064\/revisions"}],"wp:featuredmedia":[{"embeddable":true,"href":"https:\/\/www.agronetbrewing.com\/fr\/wp-json\/wp\/v2\/media\/6546"}],"wp:attachment":[{"href":"https:\/\/www.agronetbrewing.com\/fr\/wp-json\/wp\/v2\/media?parent=8064"}],"wp:term":[{"taxonomy":"pwb-brand","embeddable":true,"href":"https:\/\/www.agronetbrewing.com\/fr\/wp-json\/wp\/v2\/pwb-brand?post=8064"},{"taxonomy":"product_brand","embeddable":true,"href":"https:\/\/www.agronetbrewing.com\/fr\/wp-json\/wp\/v2\/product_brand?post=8064"},{"taxonomy":"product_cat","embeddable":true,"href":"https:\/\/www.agronetbrewing.com\/fr\/wp-json\/wp\/v2\/product_cat?post=8064"},{"taxonomy":"product_tag","embeddable":true,"href":"https:\/\/www.agronetbrewing.com\/fr\/wp-json\/wp\/v2\/product_tag?post=8064"}],"curies":[{"name":"wp","href":"https:\/\/api.w.org\/{rel}","templated":true}]}}