{"id":8065,"date":"2019-07-29T07:26:46","date_gmt":"2019-08-29T08:20:04","guid":{"rendered":"https:\/\/cerveceroscaseros.com\/producto\/crystal"},"modified":"2020-03-10T08:29:39","modified_gmt":"2020-03-10T08:29:39","slug":"crystal-2-2","status":"publish","type":"product","link":"https:\/\/www.agronetbrewing.com\/fr\/productos\/houblons\/cryo-hops-fr\/crystal-2-2\/","title":{"rendered":"Crystal"},"content":{"rendered":"","protected":false},"excerpt":{"rendered":"<p>Ce houblon aromatique est de la m\u00eame famille que le Mont Hood et le Houblon Liberty. Il contient \u00e9galement Hallertau Mittelfr.h tetraplo\u00efde. Les c\u00f4nes sont relativement petits.<\/p>\n<p><strong>Profil d&rsquo;ar\u00f4me :<\/strong> Bois, Vert.<\/p>\n","protected":false},"featured_media":6546,"template":"","meta":[],"pwb-brand":[],"product_brand":[],"product_cat":[151],"product_tag":[],"class_list":{"0":"post-8065","1":"product","2":"type-product","3":"status-publish","4":"has-post-thumbnail","6":"product_cat-cryo-hops-fr","8":"first","9":"instock","10":"taxable","11":"shipping-taxable","12":"product-type-variable","13":"has-default-attributes","14":"customify-col","15":"product-has-gallery"},"brands":[],"_links":{"self":[{"href":"https:\/\/www.agronetbrewing.com\/fr\/wp-json\/wp\/v2\/product\/8065","targetHints":{"allow":["GET"]}}],"collection":[{"href":"https:\/\/www.agronetbrewing.com\/fr\/wp-json\/wp\/v2\/product"}],"about":[{"href":"https:\/\/www.agronetbrewing.com\/fr\/wp-json\/wp\/v2\/types\/product"}],"version-history":[{"count":0,"href":"https:\/\/www.agronetbrewing.com\/fr\/wp-json\/wp\/v2\/product\/8065\/revisions"}],"wp:featuredmedia":[{"embeddable":true,"href":"https:\/\/www.agronetbrewing.com\/fr\/wp-json\/wp\/v2\/media\/6546"}],"wp:attachment":[{"href":"https:\/\/www.agronetbrewing.com\/fr\/wp-json\/wp\/v2\/media?parent=8065"}],"wp:term":[{"taxonomy":"pwb-brand","embeddable":true,"href":"https:\/\/www.agronetbrewing.com\/fr\/wp-json\/wp\/v2\/pwb-brand?post=8065"},{"taxonomy":"product_brand","embeddable":true,"href":"https:\/\/www.agronetbrewing.com\/fr\/wp-json\/wp\/v2\/product_brand?post=8065"},{"taxonomy":"product_cat","embeddable":true,"href":"https:\/\/www.agronetbrewing.com\/fr\/wp-json\/wp\/v2\/product_cat?post=8065"},{"taxonomy":"product_tag","embeddable":true,"href":"https:\/\/www.agronetbrewing.com\/fr\/wp-json\/wp\/v2\/product_tag?post=8065"}],"curies":[{"name":"wp","href":"https:\/\/api.w.org\/{rel}","templated":true}]}}