{"id":8066,"date":"2019-07-29T07:22:01","date_gmt":"2019-08-29T08:23:20","guid":{"rendered":"https:\/\/cerveceroscaseros.com\/producto\/chinook"},"modified":"2020-03-10T08:27:40","modified_gmt":"2020-03-10T08:27:40","slug":"chinook-2","status":"publish","type":"product","link":"https:\/\/www.agronetbrewing.com\/fr\/productos\/houblons\/cryo-hops-fr\/chinook-2\/","title":{"rendered":"Chinook"},"content":{"rendered":"","protected":false},"excerpt":{"rendered":"<p>Ar\u00f4me d&rsquo;intensit\u00e9 moyenne forte souvent d\u00e9crit comme \u00e9pic\u00e9, qu&rsquo;il s&rsquo;agisse d&rsquo;\u00e9pic\u00e9a ou de pamplemousse. L&rsquo;amertume est tr\u00e8s forte.<\/p>\n<p><strong>Profil d&rsquo;ar\u00f4me:<\/strong> Pamplemousse, \u00c9pic\u00e9, Pin.<\/p>\n","protected":false},"featured_media":6546,"template":"","meta":[],"pwb-brand":[],"product_brand":[],"product_cat":[151],"product_tag":[],"class_list":{"0":"post-8066","1":"product","2":"type-product","3":"status-publish","4":"has-post-thumbnail","6":"product_cat-cryo-hops-fr","8":"first","9":"instock","10":"taxable","11":"shipping-taxable","12":"product-type-variable","13":"has-default-attributes","14":"customify-col","15":"product-has-gallery"},"brands":[],"_links":{"self":[{"href":"https:\/\/www.agronetbrewing.com\/fr\/wp-json\/wp\/v2\/product\/8066","targetHints":{"allow":["GET"]}}],"collection":[{"href":"https:\/\/www.agronetbrewing.com\/fr\/wp-json\/wp\/v2\/product"}],"about":[{"href":"https:\/\/www.agronetbrewing.com\/fr\/wp-json\/wp\/v2\/types\/product"}],"version-history":[{"count":0,"href":"https:\/\/www.agronetbrewing.com\/fr\/wp-json\/wp\/v2\/product\/8066\/revisions"}],"wp:featuredmedia":[{"embeddable":true,"href":"https:\/\/www.agronetbrewing.com\/fr\/wp-json\/wp\/v2\/media\/6546"}],"wp:attachment":[{"href":"https:\/\/www.agronetbrewing.com\/fr\/wp-json\/wp\/v2\/media?parent=8066"}],"wp:term":[{"taxonomy":"pwb-brand","embeddable":true,"href":"https:\/\/www.agronetbrewing.com\/fr\/wp-json\/wp\/v2\/pwb-brand?post=8066"},{"taxonomy":"product_brand","embeddable":true,"href":"https:\/\/www.agronetbrewing.com\/fr\/wp-json\/wp\/v2\/product_brand?post=8066"},{"taxonomy":"product_cat","embeddable":true,"href":"https:\/\/www.agronetbrewing.com\/fr\/wp-json\/wp\/v2\/product_cat?post=8066"},{"taxonomy":"product_tag","embeddable":true,"href":"https:\/\/www.agronetbrewing.com\/fr\/wp-json\/wp\/v2\/product_tag?post=8066"}],"curies":[{"name":"wp","href":"https:\/\/api.w.org\/{rel}","templated":true}]}}