{"id":8069,"date":"2019-07-29T07:14:40","date_gmt":"2019-08-29T08:29:31","guid":{"rendered":"https:\/\/cerveceroscaseros.com\/producto\/azacca"},"modified":"2020-03-10T08:21:57","modified_gmt":"2020-03-10T08:21:57","slug":"azacca-2","status":"publish","type":"product","link":"https:\/\/www.agronetbrewing.com\/fr\/productos\/houblons\/cryo-hops-fr\/azacca-2\/","title":{"rendered":"Azacca"},"content":{"rendered":"","protected":false},"excerpt":{"rendered":"<p>Azacca, qui doit son nom au dieu ha\u00eftien de l&rsquo;agriculture, est un houblon qui pousse dans des notes d&rsquo;agrumes et de fruits tropicaux. Ses excellentes propri\u00e9t\u00e9s aromatiques font de l\u2019Azacca un houblon id\u00e9al pour les ajouts de houblon tardif et sec dans diff\u00e9rents styles de bi\u00e8re. Utilis\u00e9 pour l&rsquo;amer et l&rsquo;ar\u00f4me.<\/p>\n<p><strong>Profil d&rsquo;ar\u00f4me:<\/strong> Mangue, Papaye, Orange, Pamplemousse, Citron, \u00c9pic\u00e9, Ananas, Herbac\u00e9, Fruits Tropicaux, Agrumes.<\/p>\n","protected":false},"featured_media":6546,"template":"","meta":[],"pwb-brand":[],"product_brand":[],"product_cat":[151],"product_tag":[],"class_list":{"0":"post-8069","1":"product","2":"type-product","3":"status-publish","4":"has-post-thumbnail","6":"product_cat-cryo-hops-fr","8":"first","9":"instock","10":"taxable","11":"shipping-taxable","12":"product-type-variable","13":"has-default-attributes","14":"customify-col","15":"product-has-gallery"},"brands":[],"_links":{"self":[{"href":"https:\/\/www.agronetbrewing.com\/fr\/wp-json\/wp\/v2\/product\/8069","targetHints":{"allow":["GET"]}}],"collection":[{"href":"https:\/\/www.agronetbrewing.com\/fr\/wp-json\/wp\/v2\/product"}],"about":[{"href":"https:\/\/www.agronetbrewing.com\/fr\/wp-json\/wp\/v2\/types\/product"}],"version-history":[{"count":0,"href":"https:\/\/www.agronetbrewing.com\/fr\/wp-json\/wp\/v2\/product\/8069\/revisions"}],"wp:featuredmedia":[{"embeddable":true,"href":"https:\/\/www.agronetbrewing.com\/fr\/wp-json\/wp\/v2\/media\/6546"}],"wp:attachment":[{"href":"https:\/\/www.agronetbrewing.com\/fr\/wp-json\/wp\/v2\/media?parent=8069"}],"wp:term":[{"taxonomy":"pwb-brand","embeddable":true,"href":"https:\/\/www.agronetbrewing.com\/fr\/wp-json\/wp\/v2\/pwb-brand?post=8069"},{"taxonomy":"product_brand","embeddable":true,"href":"https:\/\/www.agronetbrewing.com\/fr\/wp-json\/wp\/v2\/product_brand?post=8069"},{"taxonomy":"product_cat","embeddable":true,"href":"https:\/\/www.agronetbrewing.com\/fr\/wp-json\/wp\/v2\/product_cat?post=8069"},{"taxonomy":"product_tag","embeddable":true,"href":"https:\/\/www.agronetbrewing.com\/fr\/wp-json\/wp\/v2\/product_tag?post=8069"}],"curies":[{"name":"wp","href":"https:\/\/api.w.org\/{rel}","templated":true}]}}