{"id":8070,"date":"2019-07-29T06:46:45","date_gmt":"2019-08-29T08:32:19","guid":{"rendered":"https:\/\/cerveceroscaseros.com\/producto\/cascade"},"modified":"2020-03-10T08:23:29","modified_gmt":"2020-03-10T08:23:29","slug":"cascade-2","status":"publish","type":"product","link":"https:\/\/www.agronetbrewing.com\/fr\/productos\/houblons\/cryo-hops-fr\/cascade-2\/","title":{"rendered":"Cascade"},"content":{"rendered":"","protected":false},"excerpt":{"rendered":"<p>Issue du programme de s\u00e9lection USDA-ARA, Cascade est une culture produite en 1956 et lanc\u00e9e en 1972. Il a \u00e9t\u00e9 d\u00e9velopp\u00e9 par la pollinisation ouverte d&rsquo;un semis Fuggle. La Cascade est la vari\u00e9t\u00e9 la plus populaire dans la production de bi\u00e8re artisanale et est connue pour son caract\u00e8re floral, \u00e9pic\u00e9 et citronn\u00e9 unique, avec un potentiel \u00e9quilibr\u00e9 de go\u00fbt amer.<\/p>\n<p><strong>Profil d&rsquo;ar\u00f4me:<\/strong> Pamplemousse, Floral, Pin.<\/p>\n","protected":false},"featured_media":6546,"template":"","meta":[],"pwb-brand":[],"product_brand":[],"product_cat":[151],"product_tag":[],"class_list":{"0":"post-8070","1":"product","2":"type-product","3":"status-publish","4":"has-post-thumbnail","6":"product_cat-cryo-hops-fr","8":"first","9":"instock","10":"taxable","11":"shipping-taxable","12":"product-type-variable","13":"has-default-attributes","14":"customify-col","15":"product-has-gallery"},"brands":[],"_links":{"self":[{"href":"https:\/\/www.agronetbrewing.com\/fr\/wp-json\/wp\/v2\/product\/8070","targetHints":{"allow":["GET"]}}],"collection":[{"href":"https:\/\/www.agronetbrewing.com\/fr\/wp-json\/wp\/v2\/product"}],"about":[{"href":"https:\/\/www.agronetbrewing.com\/fr\/wp-json\/wp\/v2\/types\/product"}],"version-history":[{"count":0,"href":"https:\/\/www.agronetbrewing.com\/fr\/wp-json\/wp\/v2\/product\/8070\/revisions"}],"wp:featuredmedia":[{"embeddable":true,"href":"https:\/\/www.agronetbrewing.com\/fr\/wp-json\/wp\/v2\/media\/6546"}],"wp:attachment":[{"href":"https:\/\/www.agronetbrewing.com\/fr\/wp-json\/wp\/v2\/media?parent=8070"}],"wp:term":[{"taxonomy":"pwb-brand","embeddable":true,"href":"https:\/\/www.agronetbrewing.com\/fr\/wp-json\/wp\/v2\/pwb-brand?post=8070"},{"taxonomy":"product_brand","embeddable":true,"href":"https:\/\/www.agronetbrewing.com\/fr\/wp-json\/wp\/v2\/product_brand?post=8070"},{"taxonomy":"product_cat","embeddable":true,"href":"https:\/\/www.agronetbrewing.com\/fr\/wp-json\/wp\/v2\/product_cat?post=8070"},{"taxonomy":"product_tag","embeddable":true,"href":"https:\/\/www.agronetbrewing.com\/fr\/wp-json\/wp\/v2\/product_tag?post=8070"}],"curies":[{"name":"wp","href":"https:\/\/api.w.org\/{rel}","templated":true}]}}