{"id":8072,"date":"2019-07-26T12:07:42","date_gmt":"2019-08-29T08:36:39","guid":{"rendered":"https:\/\/cerveceroscaseros.com\/producto\/sabro"},"modified":"2020-03-10T08:35:13","modified_gmt":"2020-03-10T08:35:13","slug":"sabro","status":"publish","type":"product","link":"https:\/\/www.agronetbrewing.com\/fr\/productos\/houblons\/cryo-hops-fr\/sabro\/","title":{"rendered":"Sabro"},"content":{"rendered":"","protected":false},"excerpt":{"rendered":"<p>La marque Sabro \u2122 HBC 438 est la nouvelle version aromatique du houblon de la Hop Breeding Company. Sabro se distingue par la complexit\u00e9 de ses ar\u00f4mes fruit\u00e9s et citronn\u00e9s. Le pedigree de Sabro est le r\u00e9sultat d&rsquo;une pollinisation crois\u00e9e unique d&rsquo;un saut f\u00e9minin neomexicanus. Avec une performance brassicole solide, Sabro s&rsquo;av\u00e8re \u00eatre un houblon tr\u00e8s expressif qui traduit incroyablement bien sa saveur en bi\u00e8re.<\/p>\n<p><strong>Profil d&rsquo;ar\u00f4me:<\/strong> Agrumes, Noix de coco, Fruits tropicaux, Fruits \u00e0 os, Herbac\u00e9es.<\/p>\n","protected":false},"featured_media":6546,"template":"","meta":[],"pwb-brand":[],"product_brand":[],"product_cat":[151],"product_tag":[],"class_list":{"0":"post-8072","1":"product","2":"type-product","3":"status-publish","4":"has-post-thumbnail","6":"product_cat-cryo-hops-fr","8":"first","9":"instock","10":"taxable","11":"shipping-taxable","12":"product-type-variable","13":"has-default-attributes","14":"customify-col","15":"product-has-gallery"},"brands":[],"_links":{"self":[{"href":"https:\/\/www.agronetbrewing.com\/fr\/wp-json\/wp\/v2\/product\/8072","targetHints":{"allow":["GET"]}}],"collection":[{"href":"https:\/\/www.agronetbrewing.com\/fr\/wp-json\/wp\/v2\/product"}],"about":[{"href":"https:\/\/www.agronetbrewing.com\/fr\/wp-json\/wp\/v2\/types\/product"}],"version-history":[{"count":0,"href":"https:\/\/www.agronetbrewing.com\/fr\/wp-json\/wp\/v2\/product\/8072\/revisions"}],"wp:featuredmedia":[{"embeddable":true,"href":"https:\/\/www.agronetbrewing.com\/fr\/wp-json\/wp\/v2\/media\/6546"}],"wp:attachment":[{"href":"https:\/\/www.agronetbrewing.com\/fr\/wp-json\/wp\/v2\/media?parent=8072"}],"wp:term":[{"taxonomy":"pwb-brand","embeddable":true,"href":"https:\/\/www.agronetbrewing.com\/fr\/wp-json\/wp\/v2\/pwb-brand?post=8072"},{"taxonomy":"product_brand","embeddable":true,"href":"https:\/\/www.agronetbrewing.com\/fr\/wp-json\/wp\/v2\/product_brand?post=8072"},{"taxonomy":"product_cat","embeddable":true,"href":"https:\/\/www.agronetbrewing.com\/fr\/wp-json\/wp\/v2\/product_cat?post=8072"},{"taxonomy":"product_tag","embeddable":true,"href":"https:\/\/www.agronetbrewing.com\/fr\/wp-json\/wp\/v2\/product_tag?post=8072"}],"curies":[{"name":"wp","href":"https:\/\/api.w.org\/{rel}","templated":true}]}}