{"id":8073,"date":"2019-07-26T09:41:13","date_gmt":"2019-08-29T08:37:42","guid":{"rendered":"https:\/\/cerveceroscaseros.com\/producto\/citra"},"modified":"2020-03-10T08:32:58","modified_gmt":"2020-03-10T08:32:58","slug":"citra-2","status":"publish","type":"product","link":"https:\/\/www.agronetbrewing.com\/fr\/productos\/houblons\/cryo-hops-fr\/citra-2\/","title":{"rendered":"Citra"},"content":{"rendered":"","protected":false},"excerpt":{"rendered":"<p>D\u00e9velopp\u00e9 par Yakima Chief &#8211; Hopunion, Cryo Hops\u00ae repr\u00e9sente la technologie la plus innovante dans le traitement du houblon. Il utilise un proc\u00e9d\u00e9 de s\u00e9paration cryog\u00e9nique brevet\u00e9 qui pr\u00e9serve tous les composants de chaque fraction de houblon, produisant deux coproduits simultan\u00e9s, LupuLN2\u00ae et Debittered Leaf.<\/p>\n<p><strong>Profil d&rsquo;ar\u00f4me:<\/strong> Pamplemousse, Melon, Groseille, Fruit de la passion.<\/p>\n","protected":false},"featured_media":6546,"template":"","meta":[],"pwb-brand":[],"product_brand":[],"product_cat":[151],"product_tag":[],"class_list":{"0":"post-8073","1":"product","2":"type-product","3":"status-publish","4":"has-post-thumbnail","6":"product_cat-cryo-hops-fr","8":"first","9":"instock","10":"taxable","11":"shipping-taxable","12":"product-type-variable","13":"has-default-attributes","14":"customify-col","15":"product-has-gallery"},"brands":[],"_links":{"self":[{"href":"https:\/\/www.agronetbrewing.com\/fr\/wp-json\/wp\/v2\/product\/8073","targetHints":{"allow":["GET"]}}],"collection":[{"href":"https:\/\/www.agronetbrewing.com\/fr\/wp-json\/wp\/v2\/product"}],"about":[{"href":"https:\/\/www.agronetbrewing.com\/fr\/wp-json\/wp\/v2\/types\/product"}],"version-history":[{"count":0,"href":"https:\/\/www.agronetbrewing.com\/fr\/wp-json\/wp\/v2\/product\/8073\/revisions"}],"wp:featuredmedia":[{"embeddable":true,"href":"https:\/\/www.agronetbrewing.com\/fr\/wp-json\/wp\/v2\/media\/6546"}],"wp:attachment":[{"href":"https:\/\/www.agronetbrewing.com\/fr\/wp-json\/wp\/v2\/media?parent=8073"}],"wp:term":[{"taxonomy":"pwb-brand","embeddable":true,"href":"https:\/\/www.agronetbrewing.com\/fr\/wp-json\/wp\/v2\/pwb-brand?post=8073"},{"taxonomy":"product_brand","embeddable":true,"href":"https:\/\/www.agronetbrewing.com\/fr\/wp-json\/wp\/v2\/product_brand?post=8073"},{"taxonomy":"product_cat","embeddable":true,"href":"https:\/\/www.agronetbrewing.com\/fr\/wp-json\/wp\/v2\/product_cat?post=8073"},{"taxonomy":"product_tag","embeddable":true,"href":"https:\/\/www.agronetbrewing.com\/fr\/wp-json\/wp\/v2\/product_tag?post=8073"}],"curies":[{"name":"wp","href":"https:\/\/api.w.org\/{rel}","templated":true}]}}