{"id":8074,"date":"2019-07-22T12:32:55","date_gmt":"2019-08-29T08:39:25","guid":{"rendered":"https:\/\/cerveceroscaseros.com\/producto\/les-bandelettes-de-test-de-ph-mesurent-de-1-a-14-ph-ref-csph-002-001"},"modified":"2020-03-17T11:40:21","modified_gmt":"2020-03-17T11:40:21","slug":"bandelettes-de-test-ph-para-medeir-de-1-a-14-ph","status":"publish","type":"product","link":"https:\/\/www.agronetbrewing.com\/fr\/productos\/instruments-de-mesure\/ph-conductivite-et-deceled-oxygene\/bandelettes-de-test-ph-para-medeir-de-1-a-14-ph\/","title":{"rendered":"Les bandelettes de test de pH mesurent de 1 \u00e0 14 pH &#8211; r\u00e9f. LBCSPH-002-001"},"content":{"rendered":"","protected":false},"excerpt":{"rendered":"<p>Diff\u00e9rents indicateurs dans chaque bande colorent en fonction de la valeur de pH mesur\u00e9e. La valeur du pH est lue en comparant le r\u00e9sultat avec une \u00e9chelle de couleurs fournie.<\/p>\n<ul>\n<li>200 tests \/ bandelettes de test de pH<\/li>\n<li>Plage de mesure: 1-14 pH<\/li>\n<li>R\u00e9solution: 1ph<\/li>\n<\/ul>\n","protected":false},"featured_media":6963,"template":"","meta":[],"pwb-brand":[],"product_brand":[],"product_cat":[147],"product_tag":[],"class_list":{"0":"post-8074","1":"product","2":"type-product","3":"status-publish","4":"has-post-thumbnail","6":"product_cat-ph-conductivite-et-deceled-oxygene","8":"first","9":"instock","10":"taxable","11":"shipping-taxable","12":"product-type-simple","13":"customify-col"},"brands":[],"_links":{"self":[{"href":"https:\/\/www.agronetbrewing.com\/fr\/wp-json\/wp\/v2\/product\/8074","targetHints":{"allow":["GET"]}}],"collection":[{"href":"https:\/\/www.agronetbrewing.com\/fr\/wp-json\/wp\/v2\/product"}],"about":[{"href":"https:\/\/www.agronetbrewing.com\/fr\/wp-json\/wp\/v2\/types\/product"}],"version-history":[{"count":0,"href":"https:\/\/www.agronetbrewing.com\/fr\/wp-json\/wp\/v2\/product\/8074\/revisions"}],"wp:featuredmedia":[{"embeddable":true,"href":"https:\/\/www.agronetbrewing.com\/fr\/wp-json\/wp\/v2\/media\/6963"}],"wp:attachment":[{"href":"https:\/\/www.agronetbrewing.com\/fr\/wp-json\/wp\/v2\/media?parent=8074"}],"wp:term":[{"taxonomy":"pwb-brand","embeddable":true,"href":"https:\/\/www.agronetbrewing.com\/fr\/wp-json\/wp\/v2\/pwb-brand?post=8074"},{"taxonomy":"product_brand","embeddable":true,"href":"https:\/\/www.agronetbrewing.com\/fr\/wp-json\/wp\/v2\/product_brand?post=8074"},{"taxonomy":"product_cat","embeddable":true,"href":"https:\/\/www.agronetbrewing.com\/fr\/wp-json\/wp\/v2\/product_cat?post=8074"},{"taxonomy":"product_tag","embeddable":true,"href":"https:\/\/www.agronetbrewing.com\/fr\/wp-json\/wp\/v2\/product_tag?post=8074"}],"curies":[{"name":"wp","href":"https:\/\/api.w.org\/{rel}","templated":true}]}}