{"id":8079,"date":"2019-07-22T11:17:53","date_gmt":"2019-08-29T08:54:40","guid":{"rendered":"https:\/\/cerveceroscaseros.com\/producto\/reactif-de-chlore-en-poudre-libre-000-a-500-mg-l-numero-dessai-100-ref-hi93701-01"},"modified":"2019-09-18T08:19:45","modified_gmt":"2019-09-18T08:19:45","slug":"reactif-en-poudre-sans-chlore-000-a-500-mg-l-no-test-100-ref-hi93701-01","status":"publish","type":"product","link":"https:\/\/www.agronetbrewing.com\/fr\/productos\/instruments-de-mesure\/chlore-et-peracetico\/reactif-en-poudre-sans-chlore-000-a-500-mg-l-no-test-100-ref-hi93701-01\/","title":{"rendered":"R\u00e9actif de chlore en poudre libre (0,00 \u00e0 5,00 mg \/ L) &#8211; Num\u00e9ro d\u2019essai: 100 &#8211; r\u00e9f. HI93701-01"},"content":{"rendered":"","protected":false},"excerpt":{"rendered":"<p>Enveloppes de r\u00e9actif en poudre de chlore libre \u00e0 utiliser avec le checker HANNA HI701.<\/p>\n<ul>\n<li>Pour effectuer 100 tests de chlore libre.<\/li>\n<li>Stocker dans un environnement sec.<\/li>\n<li>R\u00e9actif de poudre de chlore libre disponible.<\/li>\n<\/ul>\n","protected":false},"featured_media":6960,"template":"","meta":[],"pwb-brand":[],"product_brand":[],"product_cat":[152],"product_tag":[],"class_list":{"0":"post-8079","1":"product","2":"type-product","3":"status-publish","4":"has-post-thumbnail","6":"product_cat-chlore-et-peracetico","8":"first","9":"instock","10":"taxable","11":"shipping-taxable","12":"product-type-simple","13":"customify-col"},"brands":[],"_links":{"self":[{"href":"https:\/\/www.agronetbrewing.com\/fr\/wp-json\/wp\/v2\/product\/8079","targetHints":{"allow":["GET"]}}],"collection":[{"href":"https:\/\/www.agronetbrewing.com\/fr\/wp-json\/wp\/v2\/product"}],"about":[{"href":"https:\/\/www.agronetbrewing.com\/fr\/wp-json\/wp\/v2\/types\/product"}],"version-history":[{"count":0,"href":"https:\/\/www.agronetbrewing.com\/fr\/wp-json\/wp\/v2\/product\/8079\/revisions"}],"wp:featuredmedia":[{"embeddable":true,"href":"https:\/\/www.agronetbrewing.com\/fr\/wp-json\/wp\/v2\/media\/6960"}],"wp:attachment":[{"href":"https:\/\/www.agronetbrewing.com\/fr\/wp-json\/wp\/v2\/media?parent=8079"}],"wp:term":[{"taxonomy":"pwb-brand","embeddable":true,"href":"https:\/\/www.agronetbrewing.com\/fr\/wp-json\/wp\/v2\/pwb-brand?post=8079"},{"taxonomy":"product_brand","embeddable":true,"href":"https:\/\/www.agronetbrewing.com\/fr\/wp-json\/wp\/v2\/product_brand?post=8079"},{"taxonomy":"product_cat","embeddable":true,"href":"https:\/\/www.agronetbrewing.com\/fr\/wp-json\/wp\/v2\/product_cat?post=8079"},{"taxonomy":"product_tag","embeddable":true,"href":"https:\/\/www.agronetbrewing.com\/fr\/wp-json\/wp\/v2\/product_tag?post=8079"}],"curies":[{"name":"wp","href":"https:\/\/api.w.org\/{rel}","templated":true}]}}