{"id":8080,"date":"2019-07-22T11:17:40","date_gmt":"2019-08-29T08:58:05","guid":{"rendered":"https:\/\/cerveceroscaseros.com\/producto\/reactif-liquide-a-base-de-chlore-libre-000-a-250-mg-l-500-mg-l-essai-300-ref-hi93701-f"},"modified":"2019-09-18T08:19:45","modified_gmt":"2019-09-18T08:19:45","slug":"reactif-liquide-sans-chloro-000-a-250-mg-l-500-mg-l-300-test-ref-hi93701-f","status":"publish","type":"product","link":"https:\/\/www.agronetbrewing.com\/fr\/productos\/instruments-de-mesure\/chlore-et-peracetico\/reactif-liquide-sans-chloro-000-a-250-mg-l-500-mg-l-300-test-ref-hi93701-f\/","title":{"rendered":"R\u00e9actif liquide \u00e0 base de chlore libre, 0,00 \u00e0 2,50 mg \/ L (5,00 mg \/ L), essai 300 &#8211; r\u00e9f. HI93701-F"},"content":{"rendered":"","protected":false},"excerpt":{"rendered":"<p>Bouteilles de r\u00e9actif liquide au chlore libre \u00e0 utiliser dans le v\u00e9rificateur HANNA HI701.<\/p>\n<ul>\n<li>Pour effectuer 300 tests de chlore libre.<\/li>\n<li>Stocker dans un environnement sec.<\/li>\n<li>R\u00e9actif de poudre de chlore libre disponible.<\/li>\n<li>Ne mesurez pas directement sur la bouteille, utilisez un verre.<\/li>\n<\/ul>\n","protected":false},"featured_media":6957,"template":"","meta":[],"pwb-brand":[],"product_brand":[],"product_cat":[152],"product_tag":[],"class_list":{"0":"post-8080","1":"product","2":"type-product","3":"status-publish","4":"has-post-thumbnail","6":"product_cat-chlore-et-peracetico","8":"first","9":"instock","10":"taxable","11":"shipping-taxable","12":"product-type-simple","13":"customify-col"},"brands":[],"_links":{"self":[{"href":"https:\/\/www.agronetbrewing.com\/fr\/wp-json\/wp\/v2\/product\/8080","targetHints":{"allow":["GET"]}}],"collection":[{"href":"https:\/\/www.agronetbrewing.com\/fr\/wp-json\/wp\/v2\/product"}],"about":[{"href":"https:\/\/www.agronetbrewing.com\/fr\/wp-json\/wp\/v2\/types\/product"}],"version-history":[{"count":0,"href":"https:\/\/www.agronetbrewing.com\/fr\/wp-json\/wp\/v2\/product\/8080\/revisions"}],"wp:featuredmedia":[{"embeddable":true,"href":"https:\/\/www.agronetbrewing.com\/fr\/wp-json\/wp\/v2\/media\/6957"}],"wp:attachment":[{"href":"https:\/\/www.agronetbrewing.com\/fr\/wp-json\/wp\/v2\/media?parent=8080"}],"wp:term":[{"taxonomy":"pwb-brand","embeddable":true,"href":"https:\/\/www.agronetbrewing.com\/fr\/wp-json\/wp\/v2\/pwb-brand?post=8080"},{"taxonomy":"product_brand","embeddable":true,"href":"https:\/\/www.agronetbrewing.com\/fr\/wp-json\/wp\/v2\/product_brand?post=8080"},{"taxonomy":"product_cat","embeddable":true,"href":"https:\/\/www.agronetbrewing.com\/fr\/wp-json\/wp\/v2\/product_cat?post=8080"},{"taxonomy":"product_tag","embeddable":true,"href":"https:\/\/www.agronetbrewing.com\/fr\/wp-json\/wp\/v2\/product_tag?post=8080"}],"curies":[{"name":"wp","href":"https:\/\/api.w.org\/{rel}","templated":true}]}}