{"id":8081,"date":"2019-07-22T10:07:26","date_gmt":"2019-08-29T09:02:14","guid":{"rendered":"https:\/\/cerveceroscaseros.com\/producto\/pipette-graduee-en-verre-de-classe-a"},"modified":"2020-03-18T07:36:58","modified_gmt":"2020-03-18T07:36:58","slug":"pipette-graduee-en-verre-classe-a","status":"publish","type":"product","link":"https:\/\/www.agronetbrewing.com\/fr\/productos\/materiel-de-laboratoire\/erlenmeyers-tubes-dessai-et-pipette\/pipette-graduee-en-verre-classe-a\/","title":{"rendered":"Pipette gradu\u00e9e en verre de classe A"},"content":{"rendered":"","protected":false},"excerpt":{"rendered":"<ul>\n<li>Pipette gradu\u00e9e avec bande de couleur (norme ISO 1769), con\u00e7ue selon ISO 835.<\/li>\n<li>Avec boule de s\u00e9curit\u00e9 et num\u00e9ro de lot imprim\u00e9s sur le verre.<\/li>\n<li>Graduation invers\u00e9e (z\u00e9ro \u00e0 la pointe). Calibr\u00e9 par d\u00e9charge (TD, Ex).<\/li>\n<li>Graduation ambre ind\u00e9l\u00e9bile.<\/li>\n<li>Certificat de lot inclus.<\/li>\n<\/ul>\n","protected":false},"featured_media":14808,"template":"","meta":[],"pwb-brand":[],"product_brand":[],"product_cat":[153],"product_tag":[],"class_list":{"0":"post-8081","1":"product","2":"type-product","3":"status-publish","4":"has-post-thumbnail","6":"product_cat-erlenmeyers-tubes-dessai-et-pipette","8":"first","9":"instock","10":"taxable","11":"shipping-taxable","12":"product-type-variable","13":"has-default-attributes","14":"customify-col"},"brands":[],"_links":{"self":[{"href":"https:\/\/www.agronetbrewing.com\/fr\/wp-json\/wp\/v2\/product\/8081","targetHints":{"allow":["GET"]}}],"collection":[{"href":"https:\/\/www.agronetbrewing.com\/fr\/wp-json\/wp\/v2\/product"}],"about":[{"href":"https:\/\/www.agronetbrewing.com\/fr\/wp-json\/wp\/v2\/types\/product"}],"version-history":[{"count":0,"href":"https:\/\/www.agronetbrewing.com\/fr\/wp-json\/wp\/v2\/product\/8081\/revisions"}],"wp:featuredmedia":[{"embeddable":true,"href":"https:\/\/www.agronetbrewing.com\/fr\/wp-json\/wp\/v2\/media\/14808"}],"wp:attachment":[{"href":"https:\/\/www.agronetbrewing.com\/fr\/wp-json\/wp\/v2\/media?parent=8081"}],"wp:term":[{"taxonomy":"pwb-brand","embeddable":true,"href":"https:\/\/www.agronetbrewing.com\/fr\/wp-json\/wp\/v2\/pwb-brand?post=8081"},{"taxonomy":"product_brand","embeddable":true,"href":"https:\/\/www.agronetbrewing.com\/fr\/wp-json\/wp\/v2\/product_brand?post=8081"},{"taxonomy":"product_cat","embeddable":true,"href":"https:\/\/www.agronetbrewing.com\/fr\/wp-json\/wp\/v2\/product_cat?post=8081"},{"taxonomy":"product_tag","embeddable":true,"href":"https:\/\/www.agronetbrewing.com\/fr\/wp-json\/wp\/v2\/product_tag?post=8081"}],"curies":[{"name":"wp","href":"https:\/\/api.w.org\/{rel}","templated":true}]}}