{"id":8085,"date":"2019-07-15T10:47:14","date_gmt":"2019-08-29T09:27:18","guid":{"rendered":"https:\/\/cerveceroscaseros.com\/producto\/gants-en-nitrile-aachen-feel-violet"},"modified":"2020-03-16T10:12:32","modified_gmt":"2020-03-16T10:12:32","slug":"gants-nitrile-aachen-feel-violet","status":"publish","type":"product","link":"https:\/\/www.agronetbrewing.com\/fr\/productos\/nettoyage\/equipes-du-personnel\/gants-et-manchettes\/gants-nitrile-aachen-feel-violet\/","title":{"rendered":"Gants en nitrile AACHEN feel Violet"},"content":{"rendered":"","protected":false},"excerpt":{"rendered":"<p>Son utilisation est recommand\u00e9e dans le secteur de la sant\u00e9, l&rsquo;industrie alimentaire, l&rsquo;industrie en g\u00e9n\u00e9ral, l&rsquo;agriculture et les environnements dans lesquels des produits chimiques, des m\u00e9dicaments de chimioth\u00e9rapie, des huiles, des graisses ou des solvants sont fr\u00e9quemment manipul\u00e9s.<\/p>\n","protected":false},"featured_media":6663,"template":"","meta":[],"pwb-brand":[],"product_brand":[],"product_cat":[154],"product_tag":[],"class_list":{"0":"post-8085","1":"product","2":"type-product","3":"status-publish","4":"has-post-thumbnail","6":"product_cat-gants-et-manchettes","8":"first","9":"instock","10":"taxable","11":"shipping-taxable","12":"product-type-variable","13":"customify-col"},"brands":[],"_links":{"self":[{"href":"https:\/\/www.agronetbrewing.com\/fr\/wp-json\/wp\/v2\/product\/8085","targetHints":{"allow":["GET"]}}],"collection":[{"href":"https:\/\/www.agronetbrewing.com\/fr\/wp-json\/wp\/v2\/product"}],"about":[{"href":"https:\/\/www.agronetbrewing.com\/fr\/wp-json\/wp\/v2\/types\/product"}],"version-history":[{"count":0,"href":"https:\/\/www.agronetbrewing.com\/fr\/wp-json\/wp\/v2\/product\/8085\/revisions"}],"wp:featuredmedia":[{"embeddable":true,"href":"https:\/\/www.agronetbrewing.com\/fr\/wp-json\/wp\/v2\/media\/6663"}],"wp:attachment":[{"href":"https:\/\/www.agronetbrewing.com\/fr\/wp-json\/wp\/v2\/media?parent=8085"}],"wp:term":[{"taxonomy":"pwb-brand","embeddable":true,"href":"https:\/\/www.agronetbrewing.com\/fr\/wp-json\/wp\/v2\/pwb-brand?post=8085"},{"taxonomy":"product_brand","embeddable":true,"href":"https:\/\/www.agronetbrewing.com\/fr\/wp-json\/wp\/v2\/product_brand?post=8085"},{"taxonomy":"product_cat","embeddable":true,"href":"https:\/\/www.agronetbrewing.com\/fr\/wp-json\/wp\/v2\/product_cat?post=8085"},{"taxonomy":"product_tag","embeddable":true,"href":"https:\/\/www.agronetbrewing.com\/fr\/wp-json\/wp\/v2\/product_tag?post=8085"}],"curies":[{"name":"wp","href":"https:\/\/api.w.org\/{rel}","templated":true}]}}