{"id":8086,"date":"2019-07-15T10:40:27","date_gmt":"2019-08-29T09:47:25","guid":{"rendered":"https:\/\/cerveceroscaseros.com\/producto\/gants-de-latex-aachen-grip-bleu"},"modified":"2020-03-16T10:06:46","modified_gmt":"2020-03-16T10:06:46","slug":"gants-en-latex-bleu","status":"publish","type":"product","link":"https:\/\/www.agronetbrewing.com\/fr\/productos\/nettoyage\/equipes-du-personnel\/gants-et-manchettes\/gants-en-latex-bleu\/","title":{"rendered":"Gants de latex AACHEN Grip Bleu"},"content":{"rendered":"","protected":false},"excerpt":{"rendered":"<p>Gants en latex bleu non poudr\u00e9s \u00e0 haute r\u00e9sistance et protection. Convient pour la sant\u00e9, domestique, nettoyage, laboratoires, ateliers, industries chimiques et beaucoup d&rsquo;autres.<\/p>\n","protected":false},"featured_media":6660,"template":"","meta":[],"pwb-brand":[],"product_brand":[],"product_cat":[154],"product_tag":[],"class_list":{"0":"post-8086","1":"product","2":"type-product","3":"status-publish","4":"has-post-thumbnail","6":"product_cat-gants-et-manchettes","8":"first","9":"instock","10":"taxable","11":"shipping-taxable","12":"product-type-variable","13":"customify-col"},"brands":[],"_links":{"self":[{"href":"https:\/\/www.agronetbrewing.com\/fr\/wp-json\/wp\/v2\/product\/8086","targetHints":{"allow":["GET"]}}],"collection":[{"href":"https:\/\/www.agronetbrewing.com\/fr\/wp-json\/wp\/v2\/product"}],"about":[{"href":"https:\/\/www.agronetbrewing.com\/fr\/wp-json\/wp\/v2\/types\/product"}],"version-history":[{"count":0,"href":"https:\/\/www.agronetbrewing.com\/fr\/wp-json\/wp\/v2\/product\/8086\/revisions"}],"wp:featuredmedia":[{"embeddable":true,"href":"https:\/\/www.agronetbrewing.com\/fr\/wp-json\/wp\/v2\/media\/6660"}],"wp:attachment":[{"href":"https:\/\/www.agronetbrewing.com\/fr\/wp-json\/wp\/v2\/media?parent=8086"}],"wp:term":[{"taxonomy":"pwb-brand","embeddable":true,"href":"https:\/\/www.agronetbrewing.com\/fr\/wp-json\/wp\/v2\/pwb-brand?post=8086"},{"taxonomy":"product_brand","embeddable":true,"href":"https:\/\/www.agronetbrewing.com\/fr\/wp-json\/wp\/v2\/product_brand?post=8086"},{"taxonomy":"product_cat","embeddable":true,"href":"https:\/\/www.agronetbrewing.com\/fr\/wp-json\/wp\/v2\/product_cat?post=8086"},{"taxonomy":"product_tag","embeddable":true,"href":"https:\/\/www.agronetbrewing.com\/fr\/wp-json\/wp\/v2\/product_tag?post=8086"}],"curies":[{"name":"wp","href":"https:\/\/api.w.org\/{rel}","templated":true}]}}