{"id":8092,"date":"2019-07-15T09:47:15","date_gmt":"2019-08-29T10:10:34","guid":{"rendered":"https:\/\/cerveceroscaseros.com\/producto\/botte-foca-segur-noire-avec-protection"},"modified":"2020-03-16T09:25:55","modified_gmt":"2020-03-16T09:25:55","slug":"botte-sceau-securite-noir-avec-protection","status":"publish","type":"product","link":"https:\/\/www.agronetbrewing.com\/fr\/productos\/nettoyage\/equipes-du-personnel\/chaussures-et-bottes-de-protection-equipes-du-personnel\/botte-sceau-securite-noir-avec-protection\/","title":{"rendered":"Botte Foca Segur noire avec protection"},"content":{"rendered":"","protected":false},"excerpt":{"rendered":"<p>Il pr\u00e9sente les m\u00eames caract\u00e9ristiques que le mod\u00e8le Foca Negra, mais avec l&rsquo;ajout d&rsquo;un prot\u00e8ge-cheville et d&rsquo;un embout de s\u00e9curit\u00e9 qui vous prot\u00e8ge contre les chutes de poids allant jusqu&rsquo;\u00e0 25 kg, comme stipul\u00e9 dans les r\u00e9glementations relatives aux \u00e9quipements de protection individuelle.<\/p>\n","protected":false},"featured_media":6651,"template":"","meta":[],"pwb-brand":[],"product_brand":[],"product_cat":[155],"product_tag":[],"class_list":{"0":"post-8092","1":"product","2":"type-product","3":"status-publish","4":"has-post-thumbnail","6":"product_cat-chaussures-et-bottes-de-protection-equipes-du-personnel","8":"first","9":"instock","10":"taxable","11":"shipping-taxable","12":"product-type-variable","13":"customify-col"},"brands":[],"_links":{"self":[{"href":"https:\/\/www.agronetbrewing.com\/fr\/wp-json\/wp\/v2\/product\/8092","targetHints":{"allow":["GET"]}}],"collection":[{"href":"https:\/\/www.agronetbrewing.com\/fr\/wp-json\/wp\/v2\/product"}],"about":[{"href":"https:\/\/www.agronetbrewing.com\/fr\/wp-json\/wp\/v2\/types\/product"}],"version-history":[{"count":0,"href":"https:\/\/www.agronetbrewing.com\/fr\/wp-json\/wp\/v2\/product\/8092\/revisions"}],"wp:featuredmedia":[{"embeddable":true,"href":"https:\/\/www.agronetbrewing.com\/fr\/wp-json\/wp\/v2\/media\/6651"}],"wp:attachment":[{"href":"https:\/\/www.agronetbrewing.com\/fr\/wp-json\/wp\/v2\/media?parent=8092"}],"wp:term":[{"taxonomy":"pwb-brand","embeddable":true,"href":"https:\/\/www.agronetbrewing.com\/fr\/wp-json\/wp\/v2\/pwb-brand?post=8092"},{"taxonomy":"product_brand","embeddable":true,"href":"https:\/\/www.agronetbrewing.com\/fr\/wp-json\/wp\/v2\/product_brand?post=8092"},{"taxonomy":"product_cat","embeddable":true,"href":"https:\/\/www.agronetbrewing.com\/fr\/wp-json\/wp\/v2\/product_cat?post=8092"},{"taxonomy":"product_tag","embeddable":true,"href":"https:\/\/www.agronetbrewing.com\/fr\/wp-json\/wp\/v2\/product_tag?post=8092"}],"curies":[{"name":"wp","href":"https:\/\/api.w.org\/{rel}","templated":true}]}}