{"id":8094,"date":"2019-07-15T09:23:19","date_gmt":"2019-08-29T10:24:56","guid":{"rendered":"https:\/\/cerveceroscaseros.com\/producto\/botte-blanche-foca-segur-avec-protection"},"modified":"2020-03-16T09:24:31","modified_gmt":"2020-03-16T09:24:31","slug":"botte-joint-segur-blanc-avec-protection","status":"publish","type":"product","link":"https:\/\/www.agronetbrewing.com\/fr\/productos\/nettoyage\/equipes-du-personnel\/chaussures-et-bottes-de-protection-equipes-du-personnel\/botte-joint-segur-blanc-avec-protection\/","title":{"rendered":"Botte blanche Foca Segur avec protection"},"content":{"rendered":"","protected":false},"excerpt":{"rendered":"<p>Il pr\u00e9sente les m\u00eames caract\u00e9ristiques que le mod\u00e8le Foca Blanca, mais avec l&rsquo;ajout d&rsquo;un prot\u00e8ge-cheville et d&rsquo;un embout de s\u00e9curit\u00e9 qui vous prot\u00e8ge contre les chutes de poids allant jusqu&rsquo;\u00e0 25 kg, comme le stipule le r\u00e8glement relatif aux \u00e9quipements de protection individuelle.<\/p>\n","protected":false},"featured_media":6645,"template":"","meta":[],"pwb-brand":[],"product_brand":[],"product_cat":[155],"product_tag":[],"class_list":{"0":"post-8094","1":"product","2":"type-product","3":"status-publish","4":"has-post-thumbnail","6":"product_cat-chaussures-et-bottes-de-protection-equipes-du-personnel","8":"first","9":"instock","10":"taxable","11":"shipping-taxable","12":"product-type-variable","13":"customify-col"},"brands":[],"_links":{"self":[{"href":"https:\/\/www.agronetbrewing.com\/fr\/wp-json\/wp\/v2\/product\/8094","targetHints":{"allow":["GET"]}}],"collection":[{"href":"https:\/\/www.agronetbrewing.com\/fr\/wp-json\/wp\/v2\/product"}],"about":[{"href":"https:\/\/www.agronetbrewing.com\/fr\/wp-json\/wp\/v2\/types\/product"}],"version-history":[{"count":0,"href":"https:\/\/www.agronetbrewing.com\/fr\/wp-json\/wp\/v2\/product\/8094\/revisions"}],"wp:featuredmedia":[{"embeddable":true,"href":"https:\/\/www.agronetbrewing.com\/fr\/wp-json\/wp\/v2\/media\/6645"}],"wp:attachment":[{"href":"https:\/\/www.agronetbrewing.com\/fr\/wp-json\/wp\/v2\/media?parent=8094"}],"wp:term":[{"taxonomy":"pwb-brand","embeddable":true,"href":"https:\/\/www.agronetbrewing.com\/fr\/wp-json\/wp\/v2\/pwb-brand?post=8094"},{"taxonomy":"product_brand","embeddable":true,"href":"https:\/\/www.agronetbrewing.com\/fr\/wp-json\/wp\/v2\/product_brand?post=8094"},{"taxonomy":"product_cat","embeddable":true,"href":"https:\/\/www.agronetbrewing.com\/fr\/wp-json\/wp\/v2\/product_cat?post=8094"},{"taxonomy":"product_tag","embeddable":true,"href":"https:\/\/www.agronetbrewing.com\/fr\/wp-json\/wp\/v2\/product_tag?post=8094"}],"curies":[{"name":"wp","href":"https:\/\/api.w.org\/{rel}","templated":true}]}}