{"id":8097,"date":"2019-07-11T12:13:37","date_gmt":"2019-08-29T10:37:57","guid":{"rendered":"https:\/\/cerveceroscaseros.com\/producto\/mosaic"},"modified":"2020-03-10T08:32:34","modified_gmt":"2020-03-10T08:32:34","slug":"mosaic-2","status":"publish","type":"product","link":"https:\/\/www.agronetbrewing.com\/fr\/productos\/houblons\/cryo-hops-fr\/mosaic-2\/","title":{"rendered":"Mosaic"},"content":{"rendered":"","protected":false},"excerpt":{"rendered":"<p>D\u00e9velopp\u00e9 par Hop Breeding Company et lanc\u00e9 en 2012, Mosaic\u00ae HBC 369 ch. Il contient une teneur \u00e9lev\u00e9e en alpha et pr\u00e9sente un profil aromatique unique et complexe qui se traduit favorablement par une vari\u00e9t\u00e9 de styles de bi\u00e8re. Elle est la fille de Simcoe\u00ae YCR 14 hp. et un m\u00e2le d\u00e9riv\u00e9 de p\u00e9pite. Mosaic\u00ae est nomm\u00e9 en l&rsquo;honneur de la vari\u00e9t\u00e9 artistique des ar\u00f4mes et des saveurs qu&rsquo;il peut pr\u00e9senter.<\/p>\n<p><strong>Profil d&rsquo;ar\u00f4me:<\/strong> Myrtilles, Mandarine, Papaye, Rose, Fleur, Chewing-gum.<\/p>\n<div class=\"product_meta\"><\/div>\n","protected":false},"featured_media":6546,"template":"","meta":[],"pwb-brand":[],"product_brand":[],"product_cat":[151],"product_tag":[],"class_list":{"0":"post-8097","1":"product","2":"type-product","3":"status-publish","4":"has-post-thumbnail","6":"product_cat-cryo-hops-fr","8":"first","9":"instock","10":"taxable","11":"shipping-taxable","12":"product-type-variable","13":"has-default-attributes","14":"customify-col","15":"product-has-gallery"},"brands":[],"_links":{"self":[{"href":"https:\/\/www.agronetbrewing.com\/fr\/wp-json\/wp\/v2\/product\/8097","targetHints":{"allow":["GET"]}}],"collection":[{"href":"https:\/\/www.agronetbrewing.com\/fr\/wp-json\/wp\/v2\/product"}],"about":[{"href":"https:\/\/www.agronetbrewing.com\/fr\/wp-json\/wp\/v2\/types\/product"}],"version-history":[{"count":0,"href":"https:\/\/www.agronetbrewing.com\/fr\/wp-json\/wp\/v2\/product\/8097\/revisions"}],"wp:featuredmedia":[{"embeddable":true,"href":"https:\/\/www.agronetbrewing.com\/fr\/wp-json\/wp\/v2\/media\/6546"}],"wp:attachment":[{"href":"https:\/\/www.agronetbrewing.com\/fr\/wp-json\/wp\/v2\/media?parent=8097"}],"wp:term":[{"taxonomy":"pwb-brand","embeddable":true,"href":"https:\/\/www.agronetbrewing.com\/fr\/wp-json\/wp\/v2\/pwb-brand?post=8097"},{"taxonomy":"product_brand","embeddable":true,"href":"https:\/\/www.agronetbrewing.com\/fr\/wp-json\/wp\/v2\/product_brand?post=8097"},{"taxonomy":"product_cat","embeddable":true,"href":"https:\/\/www.agronetbrewing.com\/fr\/wp-json\/wp\/v2\/product_cat?post=8097"},{"taxonomy":"product_tag","embeddable":true,"href":"https:\/\/www.agronetbrewing.com\/fr\/wp-json\/wp\/v2\/product_tag?post=8097"}],"curies":[{"name":"wp","href":"https:\/\/api.w.org\/{rel}","templated":true}]}}