{"id":8115,"date":"2019-07-11T10:20:44","date_gmt":"2019-08-29T11:20:06","guid":{"rendered":"https:\/\/cerveceroscaseros.com\/producto\/idaho-7"},"modified":"2020-03-10T07:34:50","modified_gmt":"2020-03-10T07:34:50","slug":"idaho-7","status":"publish","type":"product","link":"https:\/\/www.agronetbrewing.com\/fr\/productos\/houblons\/houblon-yakima_chief\/idaho-7\/","title":{"rendered":"Idaho 7 T90"},"content":{"rendered":"","protected":false},"excerpt":{"rendered":"<p><strong>Profil d&rsquo;ar\u00f4me:<\/strong> Ananas, P\u00eache, Pin, R\u00e9sine, Mangue, Th\u00e9 noir.<\/p>\n","protected":false},"featured_media":6567,"template":"","meta":[],"pwb-brand":[1014],"product_brand":[],"product_cat":[150],"product_tag":[],"class_list":{"0":"post-8115","1":"product","2":"type-product","3":"status-publish","4":"has-post-thumbnail","6":"pwb-brand-yakima_chief","7":"product_cat-houblon-yakima_chief","9":"first","10":"instock","11":"taxable","12":"shipping-taxable","13":"product-type-variable","14":"has-default-attributes","15":"customify-col","16":"product-has-gallery"},"brands":[{"id":1014,"name":"YAKIMA CHIEF","slug":"yakima_chief"}],"_links":{"self":[{"href":"https:\/\/www.agronetbrewing.com\/fr\/wp-json\/wp\/v2\/product\/8115","targetHints":{"allow":["GET"]}}],"collection":[{"href":"https:\/\/www.agronetbrewing.com\/fr\/wp-json\/wp\/v2\/product"}],"about":[{"href":"https:\/\/www.agronetbrewing.com\/fr\/wp-json\/wp\/v2\/types\/product"}],"version-history":[{"count":0,"href":"https:\/\/www.agronetbrewing.com\/fr\/wp-json\/wp\/v2\/product\/8115\/revisions"}],"wp:featuredmedia":[{"embeddable":true,"href":"https:\/\/www.agronetbrewing.com\/fr\/wp-json\/wp\/v2\/media\/6567"}],"wp:attachment":[{"href":"https:\/\/www.agronetbrewing.com\/fr\/wp-json\/wp\/v2\/media?parent=8115"}],"wp:term":[{"taxonomy":"pwb-brand","embeddable":true,"href":"https:\/\/www.agronetbrewing.com\/fr\/wp-json\/wp\/v2\/pwb-brand?post=8115"},{"taxonomy":"product_brand","embeddable":true,"href":"https:\/\/www.agronetbrewing.com\/fr\/wp-json\/wp\/v2\/product_brand?post=8115"},{"taxonomy":"product_cat","embeddable":true,"href":"https:\/\/www.agronetbrewing.com\/fr\/wp-json\/wp\/v2\/product_cat?post=8115"},{"taxonomy":"product_tag","embeddable":true,"href":"https:\/\/www.agronetbrewing.com\/fr\/wp-json\/wp\/v2\/product_tag?post=8115"}],"curies":[{"name":"wp","href":"https:\/\/api.w.org\/{rel}","templated":true}]}}